{"id":85,"date":"2017-08-27T12:44:47","date_gmt":"2017-08-27T12:44:47","guid":{"rendered":"http:\/\/cms.kiv-bitburg.de\/?page_id=85"},"modified":"2019-01-24T11:58:14","modified_gmt":"2019-01-24T11:58:14","slug":"imkerkurs","status":"publish","type":"page","link":"https:\/\/kiv-bitburg.de\/?page_id=85","title":{"rendered":"Imkerkurse"},"content":{"rendered":"<p>Bereits seit vielen Jahren werden am Lehrbienenstand Steinebr\u00fcck die Einsteigerkurse f\u00fcr Jungimker angeboten.<\/p>\n<p><strong>Auch f\u00fcr dieses Jahr ist wieder ein Kurs f\u00fcr Interessierte geplant.<\/strong><\/p>\n<p>Imker des KIV Bitburg mit jahrzehntelanger praktischer Erfahrung geben hier Ihr Fachwissen weiter.<\/p>\n<p>In der Regel finden die Treffen immer samstags in der Zeit von 10.00 Uhr bis ca. 12.00 Uhr oder nach Vereinbarung statt.<br \/>\nDie Termine werden au\u00dferdem zeitnah ein paar Tage zuvor den angemeldeten Nachwuchsimkern mitgeteilt bzw. <strong><a href=\"http:\/\/kiv-bitburg.de\/?page_id=990\">hier<\/a><\/strong> ver\u00f6ffentlicht.<\/p>\n<p>Jeder der Interesse an der Imkerei hat, ist herzlich eingeladen.<\/p>\n<p><strong>Anmeldeformular<\/strong> -&gt; siehe unten \u2026<\/p>\n<figure id=\"attachment_121\" aria-describedby=\"caption-attachment-121\" style=\"width: 420px\" class=\"wp-caption alignnone\"><a href=\"http:\/\/cms.kiv-bitburg.de\/wp-content\/uploads\/2017\/08\/30059010.jpg\"><img loading=\"lazy\" decoding=\"async\" class=\"wp-image-121\" title=\"Gro\u00dfes Interesse beim Jungimkerkurs\" src=\"http:\/\/cms.kiv-bitburg.de\/wp-content\/uploads\/2017\/08\/30059010-300x225.jpg\" alt=\"\" width=\"420\" height=\"315\" srcset=\"https:\/\/kiv-bitburg.de\/wp-content\/uploads\/2017\/08\/30059010-300x225.jpg 300w, https:\/\/kiv-bitburg.de\/wp-content\/uploads\/2017\/08\/30059010.jpg 600w\" sizes=\"auto, (max-width: 420px) 100vw, 420px\" \/><\/a><figcaption id=\"caption-attachment-121\" class=\"wp-caption-text\">Gro\u00dfes Interesse beim Jungimkerkurs<\/figcaption><\/figure>\n<p>Der Lehrbienenstand Steinebr\u00fcck befindet sich direkt<br \/>\nan der B50 Richtung Oberweis vor der Nimsbr\u00fccke<br \/>\nauf der rechten Seite.<\/p>\n<p><strong>Im Navigationssystem geben Sie ein:<br \/>\n54634 Bitburg, Steinebr\u00fcck 4.<\/strong><\/p>\n<p>Haben Sie Interesse an der Imkerei?<br \/>\nSprechen Sie uns an!<\/p>\n<form enctype=\"multipart\/form-data\" method=\"post\" id=\"psfb112\" action=\"https:\/\/kiv-bitburg.de\/?page_id=85\" class=\"planso-form-builder\" data-id=\"112\" data-cnt=\"1\" id=\"planso_forms_112_1\" data-locale=\"de\" data-locale_long=\"de_DE\" data-datepicker=\"bootstrap-datetimepicker\" data-date_format=\"F j, Y\" data-moment_date_format=\"MMMM D, YYYY\" data-jqueryui_date_format=\"MM d, yy\" data-eternicode_date_format=\"MM d, yyyy\"><div class=\"container-fluid\"><input type=\"hidden\" name=\"psfb_pageurl\" value=\"https:\/\/kiv-bitburg.de\/?page_id=85\"\/><input type=\"hidden\" name=\"psfb_userip\" value=\"216.73.216.69\"\/><input type=\"hidden\" name=\"psfb_useragent\" value=\"Mozilla\/5.0 AppleWebKit\/537.36 (KHTML, like Gecko; compatible; ClaudeBot\/1.0; +claudebot@anthropic.com)\"\/><input type=\"hidden\" name=\"psfb_landingpage\" value=\"http:\/\/kiv-bitburg.de\/index.php?rest_route=%2Fwp%2Fv2%2Fpages%2F693\"\/><input type=\"hidden\" name=\"psfb_referer\" value=\"Direct\"\/><input type=\"hidden\" name=\"psfb_page_id\" value=\"85\"\/><input type=\"hidden\" name=\"psfb_form_submit\" value=\"1\"\/><input type=\"hidden\" name=\"psfb_form_id\" value=\"112\"\/><input type=\"hidden\" name=\"psfb_form_cnt\" value=\"1\"\/><div style=\"display:none\"><input type=\"text\" name=\"psfb_hon_as\"\/><\/div><div style=\"display:none\"><input type=\"text\" name=\"psfb_hon_as2\" id=\"psfb_hon_as2_112_1\" value=\"8919f74bf25031ac53f8aea81434abfb\"\/><\/div><div style=\"display:none\"><input type=\"text\" name=\"psfb_cnt_check\" value=\"1\"\/><\/div><div class=\"row\"><div class=\"col-md-6\"><div class=\"form-group psfb-single-container\"><label class=\"control-label\" for=\"psfield_112_1\">Name<span class=\"psfb_required_mark\">*<\/span><\/label><input type=\"text\" required=\"required\" data-required=\"required\" name=\"Name\" class=\"form-control  \" id=\"psfield_112_1\" style=\"\"\/><\/div><\/div><div class=\"col-md-6\"><div class=\"form-group psfb-single-container\"><label class=\"control-label\" for=\"psfield_112_2\">Vorname<span class=\"psfb_required_mark\">*<\/span><\/label><input type=\"text\" required=\"required\" data-required=\"required\" name=\"Vorname\" class=\"form-control  \" id=\"psfield_112_2\" style=\"\"\/><\/div><\/div><\/div><div class=\"row\"><div class=\"col-md-6\"><div class=\"form-group psfb-single-container\"><label class=\"control-label\" for=\"psfield_112_3\">E-Mail<span class=\"psfb_required_mark\">*<\/span><\/label><input type=\"email\" required=\"required\" data-required=\"required\" name=\"E_Mail\" class=\"form-control  \" id=\"psfield_112_3\" style=\"\"\/><\/div><\/div><div class=\"col-md-6\"><div class=\"form-group psfb-single-container\"><label class=\"control-label\" for=\"psfield_112_4\">Telefon<\/label><input type=\"tel\" name=\"Telefon\" class=\"form-control \" id=\"psfield_112_4\" style=\"\"\/><\/div><\/div><\/div><div class=\"row\"><div class=\"col-md-12\"><div class=\"form-group psfb-single-container\"><label class=\"control-label\" for=\"psfield_112_5\">Ihre Anfrage<span class=\"psfb_required_mark\">*<\/span><\/label><textarea required=\"required\" data-required=\"required\" name=\"Ihre_Anfrage\" class=\"form-control  \" id=\"psfield_112_5\" style=\"margin-top: 0px; margin-bottom: 0px; height: 257px;\"><\/textarea><\/div><\/div><\/div><div class=\"row\"><div class=\"col-md-12\"><div class=\"form-group psfb-single-container\"><div style=\"\" class=\"\"><br>Ich stimme zu, dass meine Angaben aus dem Kontaktformular zur Beantwortung meiner Anfrage erhoben und verarbeitet werden d\u00fcrfen. Die Daten werden nach abgeschlossener Bearbeitung Ihrer Anfrage gel\u00f6scht. Sie k\u00f6nnen Ihre Einwilligung jederzeit f\u00fcr die Zukunft per E-Mail an post@kiv-bitburg.de widerrufen. Detaillierte Informationen zum Umgang mit Nutzerdaten finden Sie in unserer Datenschutzerkl\u00e4rung.<br><br><\/div><\/div><\/div><\/div><div class=\"row\"><div class=\"col-md-12\"><div class=\"form-group psfb-single-container\"><div class=\"checkbox_wrapper\"><label class=\"checkbox-inline checkbox_wrapper\" style=\"\"><input data-required=\"required\" type=\"checkbox\" value=\" Ich stimme zu!\" name=\"Ich_stimme_zu[]\" id=\"psfield_112_7_1\"> Ich stimme zu!<\/label><\/div><\/div><\/div><\/div><div class=\"row\"><div class=\"col-md-12\"><div class=\"form-group psfb-single-container\"><div style=\"position:relative;z-index:1;\"><button type=\"submit\" class=\"btn btn-primary                                     \" id=\"psfield_112_8\" style=\"\">Senden<\/button><\/div><\/div><\/div><\/div><\/div><\/form>\n<div class=\"pvc_clear\"><\/div>\n<p id=\"pvc_stats_85\" class=\"pvc_stats all  \" data-element-id=\"85\" style=\"\"><i class=\"pvc-stats-icon medium\" aria-hidden=\"true\"><svg aria-hidden=\"true\" focusable=\"false\" data-prefix=\"far\" data-icon=\"chart-bar\" role=\"img\" xmlns=\"http:\/\/www.w3.org\/2000\/svg\" viewBox=\"0 0 512 512\" class=\"svg-inline--fa fa-chart-bar fa-w-16 fa-2x\"><path fill=\"currentColor\" d=\"M396.8 352h22.4c6.4 0 12.8-6.4 12.8-12.8V108.8c0-6.4-6.4-12.8-12.8-12.8h-22.4c-6.4 0-12.8 6.4-12.8 12.8v230.4c0 6.4 6.4 12.8 12.8 12.8zm-192 0h22.4c6.4 0 12.8-6.4 12.8-12.8V140.8c0-6.4-6.4-12.8-12.8-12.8h-22.4c-6.4 0-12.8 6.4-12.8 12.8v198.4c0 6.4 6.4 12.8 12.8 12.8zm96 0h22.4c6.4 0 12.8-6.4 12.8-12.8V204.8c0-6.4-6.4-12.8-12.8-12.8h-22.4c-6.4 0-12.8 6.4-12.8 12.8v134.4c0 6.4 6.4 12.8 12.8 12.8zM496 400H48V80c0-8.84-7.16-16-16-16H16C7.16 64 0 71.16 0 80v336c0 17.67 14.33 32 32 32h464c8.84 0 16-7.16 16-16v-16c0-8.84-7.16-16-16-16zm-387.2-48h22.4c6.4 0 12.8-6.4 12.8-12.8v-70.4c0-6.4-6.4-12.8-12.8-12.8h-22.4c-6.4 0-12.8 6.4-12.8 12.8v70.4c0 6.4 6.4 12.8 12.8 12.8z\" class=\"\"><\/path><\/svg><\/i> <img loading=\"lazy\" decoding=\"async\" width=\"16\" height=\"16\" alt=\"Loading\" src=\"https:\/\/kiv-bitburg.de\/wp-content\/plugins\/page-views-count\/ajax-loader-2x.gif\" border=0 \/><\/p>\n<div class=\"pvc_clear\"><\/div>\n ","protected":false},"excerpt":{"rendered":"<p>Bereits seit vielen Jahren werden am Lehrbienenstand Steinebr\u00fcck die Einsteigerkurse f\u00fcr Jungimker angeboten. Auch f\u00fcr dieses Jahr ist wieder ein Kurs f\u00fcr Interessierte geplant. Imker des KIV Bitburg mit jahrzehntelanger praktischer Erfahrung geben hier Ihr Fachwissen weiter. In der Regel finden die Treffen immer samstags in der Zeit von 10.00 Uhr bis ca. 12.00 Uhr [&hellip;]<\/p>\n<div class=\"pvc_clear\"><\/div>\n<p id=\"pvc_stats_85\" class=\"pvc_stats all  \" data-element-id=\"85\" style=\"\"><i class=\"pvc-stats-icon medium\" aria-hidden=\"true\"><svg aria-hidden=\"true\" focusable=\"false\" data-prefix=\"far\" data-icon=\"chart-bar\" role=\"img\" xmlns=\"http:\/\/www.w3.org\/2000\/svg\" viewBox=\"0 0 512 512\" class=\"svg-inline--fa fa-chart-bar fa-w-16 fa-2x\"><path fill=\"currentColor\" d=\"M396.8 352h22.4c6.4 0 12.8-6.4 12.8-12.8V108.8c0-6.4-6.4-12.8-12.8-12.8h-22.4c-6.4 0-12.8 6.4-12.8 12.8v230.4c0 6.4 6.4 12.8 12.8 12.8zm-192 0h22.4c6.4 0 12.8-6.4 12.8-12.8V140.8c0-6.4-6.4-12.8-12.8-12.8h-22.4c-6.4 0-12.8 6.4-12.8 12.8v198.4c0 6.4 6.4 12.8 12.8 12.8zm96 0h22.4c6.4 0 12.8-6.4 12.8-12.8V204.8c0-6.4-6.4-12.8-12.8-12.8h-22.4c-6.4 0-12.8 6.4-12.8 12.8v134.4c0 6.4 6.4 12.8 12.8 12.8zM496 400H48V80c0-8.84-7.16-16-16-16H16C7.16 64 0 71.16 0 80v336c0 17.67 14.33 32 32 32h464c8.84 0 16-7.16 16-16v-16c0-8.84-7.16-16-16-16zm-387.2-48h22.4c6.4 0 12.8-6.4 12.8-12.8v-70.4c0-6.4-6.4-12.8-12.8-12.8h-22.4c-6.4 0-12.8 6.4-12.8 12.8v70.4c0 6.4 6.4 12.8 12.8 12.8z\" class=\"\"><\/path><\/svg><\/i> <img loading=\"lazy\" decoding=\"async\" width=\"16\" height=\"16\" alt=\"Loading\" src=\"https:\/\/kiv-bitburg.de\/wp-content\/plugins\/page-views-count\/ajax-loader-2x.gif\" border=0 \/><\/p>\n<div class=\"pvc_clear\"><\/div>\n","protected":false},"author":1,"featured_media":510,"parent":78,"menu_order":0,"comment_status":"closed","ping_status":"closed","template":"","meta":{"footnotes":""},"class_list":["post-85","page","type-page","status-publish","has-post-thumbnail","hentry"],"publishpress_future_action":{"enabled":false,"date":"2026-04-24 07:42:28","action":"change-status","newStatus":"draft","terms":[],"taxonomy":"","extraData":[]},"publishpress_future_workflow_manual_trigger":{"enabledWorkflows":[]},"_links":{"self":[{"href":"https:\/\/kiv-bitburg.de\/index.php?rest_route=\/wp\/v2\/pages\/85","targetHints":{"allow":["GET"]}}],"collection":[{"href":"https:\/\/kiv-bitburg.de\/index.php?rest_route=\/wp\/v2\/pages"}],"about":[{"href":"https:\/\/kiv-bitburg.de\/index.php?rest_route=\/wp\/v2\/types\/page"}],"author":[{"embeddable":true,"href":"https:\/\/kiv-bitburg.de\/index.php?rest_route=\/wp\/v2\/users\/1"}],"replies":[{"embeddable":true,"href":"https:\/\/kiv-bitburg.de\/index.php?rest_route=%2Fwp%2Fv2%2Fcomments&post=85"}],"version-history":[{"count":48,"href":"https:\/\/kiv-bitburg.de\/index.php?rest_route=\/wp\/v2\/pages\/85\/revisions"}],"predecessor-version":[{"id":1187,"href":"https:\/\/kiv-bitburg.de\/index.php?rest_route=\/wp\/v2\/pages\/85\/revisions\/1187"}],"up":[{"embeddable":true,"href":"https:\/\/kiv-bitburg.de\/index.php?rest_route=\/wp\/v2\/pages\/78"}],"wp:featuredmedia":[{"embeddable":true,"href":"https:\/\/kiv-bitburg.de\/index.php?rest_route=\/wp\/v2\/media\/510"}],"wp:attachment":[{"href":"https:\/\/kiv-bitburg.de\/index.php?rest_route=%2Fwp%2Fv2%2Fmedia&parent=85"}],"curies":[{"name":"wp","href":"https:\/\/api.w.org\/{rel}","templated":true}]}}