{"id":693,"date":"2017-10-04T17:36:39","date_gmt":"2017-10-04T17:36:39","guid":{"rendered":"http:\/\/kiv-bitburg.de\/?page_id=693"},"modified":"2018-05-04T16:48:39","modified_gmt":"2018-05-04T16:48:39","slug":"arbeitseinsatz","status":"publish","type":"page","link":"https:\/\/kiv-bitburg.de\/?page_id=693","title":{"rendered":"Arbeitseinsatz"},"content":{"rendered":"<hr \/>\n<p>Am Samstag, dem 23. September 2017 trafen sich einige Imker um den 1. Vorsitzenden des KIV Bitburg, Ralf Schr\u00f6der, und den 2. Vorsitzenden des BZV Bitburg, Peter Berger, zum Arbeitseinsatz am Lehrbienenstand Steinebr\u00fcck.<\/p>\n<p>Das Gel\u00e4nde um den Bienenstand wurde an diesem Vormittag &#8222;auf Vordermann&#8220; gebracht.<br \/>\nAu\u00dferdem installierte die Gruppe Hinweistafeln des D.I.B., die dem interessierten Spazierg\u00e4nger oder Radfahrer n\u00fctzliche Informationen und wichtige Hinweise zur Imkerei und deren gro\u00dfer Notwendigkeit f\u00fcr unsere Umwelt n\u00e4her bringen sollen.<\/p>\n<figure id=\"attachment_699\" aria-describedby=\"caption-attachment-699\" style=\"width: 400px\" class=\"wp-caption alignleft\"><a href=\"http:\/\/kiv-bitburg.de\/wp-content\/uploads\/2017\/10\/TV-am-29.09.17.jpg\"><img loading=\"lazy\" decoding=\"async\" class=\"wp-image-699\" src=\"http:\/\/kiv-bitburg.de\/wp-content\/uploads\/2017\/10\/TV-am-29.09.17-300x242.jpg\" alt=\"\" width=\"400\" height=\"323\" srcset=\"https:\/\/kiv-bitburg.de\/wp-content\/uploads\/2017\/10\/TV-am-29.09.17-300x242.jpg 300w, https:\/\/kiv-bitburg.de\/wp-content\/uploads\/2017\/10\/TV-am-29.09.17-768x620.jpg 768w, https:\/\/kiv-bitburg.de\/wp-content\/uploads\/2017\/10\/TV-am-29.09.17-1024x827.jpg 1024w, https:\/\/kiv-bitburg.de\/wp-content\/uploads\/2017\/10\/TV-am-29.09.17-400x323.jpg 400w, https:\/\/kiv-bitburg.de\/wp-content\/uploads\/2017\/10\/TV-am-29.09.17.jpg 1945w\" sizes=\"auto, (max-width: 400px) 100vw, 400px\" \/><\/a><figcaption id=\"caption-attachment-699\" class=\"wp-caption-text\">Bericht zum Arbeitseinsatz im TV<\/figcaption><\/figure>\n<div class=\"pvc_clear\"><\/div>\n<p id=\"pvc_stats_693\" class=\"pvc_stats all  \" data-element-id=\"693\" style=\"\"><i class=\"pvc-stats-icon medium\" aria-hidden=\"true\"><svg aria-hidden=\"true\" focusable=\"false\" data-prefix=\"far\" data-icon=\"chart-bar\" role=\"img\" xmlns=\"http:\/\/www.w3.org\/2000\/svg\" viewBox=\"0 0 512 512\" class=\"svg-inline--fa fa-chart-bar fa-w-16 fa-2x\"><path fill=\"currentColor\" d=\"M396.8 352h22.4c6.4 0 12.8-6.4 12.8-12.8V108.8c0-6.4-6.4-12.8-12.8-12.8h-22.4c-6.4 0-12.8 6.4-12.8 12.8v230.4c0 6.4 6.4 12.8 12.8 12.8zm-192 0h22.4c6.4 0 12.8-6.4 12.8-12.8V140.8c0-6.4-6.4-12.8-12.8-12.8h-22.4c-6.4 0-12.8 6.4-12.8 12.8v198.4c0 6.4 6.4 12.8 12.8 12.8zm96 0h22.4c6.4 0 12.8-6.4 12.8-12.8V204.8c0-6.4-6.4-12.8-12.8-12.8h-22.4c-6.4 0-12.8 6.4-12.8 12.8v134.4c0 6.4 6.4 12.8 12.8 12.8zM496 400H48V80c0-8.84-7.16-16-16-16H16C7.16 64 0 71.16 0 80v336c0 17.67 14.33 32 32 32h464c8.84 0 16-7.16 16-16v-16c0-8.84-7.16-16-16-16zm-387.2-48h22.4c6.4 0 12.8-6.4 12.8-12.8v-70.4c0-6.4-6.4-12.8-12.8-12.8h-22.4c-6.4 0-12.8 6.4-12.8 12.8v70.4c0 6.4 6.4 12.8 12.8 12.8z\" class=\"\"><\/path><\/svg><\/i> <img loading=\"lazy\" decoding=\"async\" width=\"16\" height=\"16\" alt=\"Loading\" src=\"https:\/\/kiv-bitburg.de\/wp-content\/plugins\/page-views-count\/ajax-loader-2x.gif\" border=0 \/><\/p>\n<div class=\"pvc_clear\"><\/div>\n ","protected":false},"excerpt":{"rendered":"<p>Am Samstag, dem 23. September 2017 trafen sich einige Imker um den 1. Vorsitzenden des KIV Bitburg, Ralf Schr\u00f6der, und den 2. Vorsitzenden des BZV Bitburg, Peter Berger, zum Arbeitseinsatz am Lehrbienenstand Steinebr\u00fcck. Das Gel\u00e4nde um den Bienenstand wurde an diesem Vormittag &#8222;auf Vordermann&#8220; gebracht. Au\u00dferdem installierte die Gruppe Hinweistafeln des D.I.B., die dem interessierten [&hellip;]<\/p>\n<div class=\"pvc_clear\"><\/div>\n<p id=\"pvc_stats_693\" class=\"pvc_stats all  \" data-element-id=\"693\" style=\"\"><i class=\"pvc-stats-icon medium\" aria-hidden=\"true\"><svg aria-hidden=\"true\" focusable=\"false\" data-prefix=\"far\" data-icon=\"chart-bar\" role=\"img\" xmlns=\"http:\/\/www.w3.org\/2000\/svg\" viewBox=\"0 0 512 512\" class=\"svg-inline--fa fa-chart-bar fa-w-16 fa-2x\"><path fill=\"currentColor\" d=\"M396.8 352h22.4c6.4 0 12.8-6.4 12.8-12.8V108.8c0-6.4-6.4-12.8-12.8-12.8h-22.4c-6.4 0-12.8 6.4-12.8 12.8v230.4c0 6.4 6.4 12.8 12.8 12.8zm-192 0h22.4c6.4 0 12.8-6.4 12.8-12.8V140.8c0-6.4-6.4-12.8-12.8-12.8h-22.4c-6.4 0-12.8 6.4-12.8 12.8v198.4c0 6.4 6.4 12.8 12.8 12.8zm96 0h22.4c6.4 0 12.8-6.4 12.8-12.8V204.8c0-6.4-6.4-12.8-12.8-12.8h-22.4c-6.4 0-12.8 6.4-12.8 12.8v134.4c0 6.4 6.4 12.8 12.8 12.8zM496 400H48V80c0-8.84-7.16-16-16-16H16C7.16 64 0 71.16 0 80v336c0 17.67 14.33 32 32 32h464c8.84 0 16-7.16 16-16v-16c0-8.84-7.16-16-16-16zm-387.2-48h22.4c6.4 0 12.8-6.4 12.8-12.8v-70.4c0-6.4-6.4-12.8-12.8-12.8h-22.4c-6.4 0-12.8 6.4-12.8 12.8v70.4c0 6.4 6.4 12.8 12.8 12.8z\" class=\"\"><\/path><\/svg><\/i> <img loading=\"lazy\" decoding=\"async\" width=\"16\" height=\"16\" alt=\"Loading\" src=\"https:\/\/kiv-bitburg.de\/wp-content\/plugins\/page-views-count\/ajax-loader-2x.gif\" border=0 \/><\/p>\n<div class=\"pvc_clear\"><\/div>\n","protected":false},"author":1,"featured_media":45,"parent":59,"menu_order":2,"comment_status":"closed","ping_status":"closed","template":"","meta":{"footnotes":""},"class_list":["post-693","page","type-page","status-publish","has-post-thumbnail","hentry"],"publishpress_future_action":{"enabled":false,"date":"2026-04-24 07:42:26","action":"change-status","newStatus":"draft","terms":[],"taxonomy":"","extraData":[]},"publishpress_future_workflow_manual_trigger":{"enabledWorkflows":[]},"_links":{"self":[{"href":"https:\/\/kiv-bitburg.de\/index.php?rest_route=\/wp\/v2\/pages\/693","targetHints":{"allow":["GET"]}}],"collection":[{"href":"https:\/\/kiv-bitburg.de\/index.php?rest_route=\/wp\/v2\/pages"}],"about":[{"href":"https:\/\/kiv-bitburg.de\/index.php?rest_route=\/wp\/v2\/types\/page"}],"author":[{"embeddable":true,"href":"https:\/\/kiv-bitburg.de\/index.php?rest_route=\/wp\/v2\/users\/1"}],"replies":[{"embeddable":true,"href":"https:\/\/kiv-bitburg.de\/index.php?rest_route=%2Fwp%2Fv2%2Fcomments&post=693"}],"version-history":[{"count":7,"href":"https:\/\/kiv-bitburg.de\/index.php?rest_route=\/wp\/v2\/pages\/693\/revisions"}],"predecessor-version":[{"id":739,"href":"https:\/\/kiv-bitburg.de\/index.php?rest_route=\/wp\/v2\/pages\/693\/revisions\/739"}],"up":[{"embeddable":true,"href":"https:\/\/kiv-bitburg.de\/index.php?rest_route=\/wp\/v2\/pages\/59"}],"wp:featuredmedia":[{"embeddable":true,"href":"https:\/\/kiv-bitburg.de\/index.php?rest_route=\/wp\/v2\/media\/45"}],"wp:attachment":[{"href":"https:\/\/kiv-bitburg.de\/index.php?rest_route=%2Fwp%2Fv2%2Fmedia&parent=693"}],"curies":[{"name":"wp","href":"https:\/\/api.w.org\/{rel}","templated":true}]}}