{"id":670,"date":"2017-10-04T16:56:29","date_gmt":"2017-10-04T16:56:29","guid":{"rendered":"http:\/\/kiv-bitburg.de\/?page_id=670"},"modified":"2024-07-16T20:06:37","modified_gmt":"2024-07-16T20:06:37","slug":"imkerstammtisch","status":"publish","type":"page","link":"https:\/\/kiv-bitburg.de\/?page_id=670","title":{"rendered":"Imkerstammtische <br>im Verband"},"content":{"rendered":"<p>Nachstehend eine \u00dcbersicht der regelm\u00e4\u00dfigen Treffen<br \/>\nder Mitgliedsvereine im Kreisimkerverband Bitburg:<\/p>\n<hr \/>\n<h3><strong>\u2022 Bienenzuchtverein Bitburg<\/strong><\/h3>\n<p><strong>Treffen im M\u00f6tscher Dorfhaus \u201eJedermanns\u201c,<br \/>\nAm Kindergarten 8, 54634 \u00a0Bitburg-M\u00f6tsch<br \/>\njeweils montags, 19:00 Uhr<br \/>\n<\/strong><\/p>\n<p><strong>Stammtisch-Termine 2024:<\/strong><\/p>\n<ul>\n<li>29.04.2024<\/li>\n<li>02.09.2024<\/li>\n<li>07.10.2024<\/li>\n<\/ul>\n<p>Interessierte sind jederzeit herzlich willkommen.<\/p>\n<hr \/>\n<h3><strong>\u2022 Bienenzuchtverein Kyllburg<\/strong><\/h3>\n<p>Der Bienenzuchtverein Kyllburg trifft sich\u00a0immer<br \/>\n<strong>am 1. Sonntag im Monat um 10:00 Uhr zum Stammtisch<br \/>\nin der Bahnhofsgastst\u00e4tte in Kyllburg<\/strong>.<\/p>\n<p>Interessierte sind jederzeit herzlich willkommen.<\/p>\n<hr \/>\n<h3><strong>\u2022 Imkerverein Naturpark S\u00fcdeifel<\/strong><\/h3>\n<p>Treffen im\u00a0<strong><br \/>\nHotel-Restaurant Kickert<\/strong><br \/>\n<strong>Enztalstra\u00dfe 15,\u00a054675 Mettendorf<\/strong><\/p>\n<p>Interessierte sind jederzeit herzlich willkommen.<\/p>\n<p>Die Treffen finden in unregelm\u00e4\u00dfigen Abst\u00e4nden statt.<br \/>\nInfos hierzu beim <a href=\"http:\/\/kiv-bitburg.de\/?page_id=208\">1. Vorsitzenden.<\/a><\/p>\n<hr \/>\n<p>&nbsp;<\/p>\n<div class=\"pvc_clear\"><\/div>\n<p id=\"pvc_stats_670\" class=\"pvc_stats all  \" data-element-id=\"670\" style=\"\"><i class=\"pvc-stats-icon medium\" aria-hidden=\"true\"><svg aria-hidden=\"true\" focusable=\"false\" data-prefix=\"far\" data-icon=\"chart-bar\" role=\"img\" xmlns=\"http:\/\/www.w3.org\/2000\/svg\" viewBox=\"0 0 512 512\" class=\"svg-inline--fa fa-chart-bar fa-w-16 fa-2x\"><path fill=\"currentColor\" d=\"M396.8 352h22.4c6.4 0 12.8-6.4 12.8-12.8V108.8c0-6.4-6.4-12.8-12.8-12.8h-22.4c-6.4 0-12.8 6.4-12.8 12.8v230.4c0 6.4 6.4 12.8 12.8 12.8zm-192 0h22.4c6.4 0 12.8-6.4 12.8-12.8V140.8c0-6.4-6.4-12.8-12.8-12.8h-22.4c-6.4 0-12.8 6.4-12.8 12.8v198.4c0 6.4 6.4 12.8 12.8 12.8zm96 0h22.4c6.4 0 12.8-6.4 12.8-12.8V204.8c0-6.4-6.4-12.8-12.8-12.8h-22.4c-6.4 0-12.8 6.4-12.8 12.8v134.4c0 6.4 6.4 12.8 12.8 12.8zM496 400H48V80c0-8.84-7.16-16-16-16H16C7.16 64 0 71.16 0 80v336c0 17.67 14.33 32 32 32h464c8.84 0 16-7.16 16-16v-16c0-8.84-7.16-16-16-16zm-387.2-48h22.4c6.4 0 12.8-6.4 12.8-12.8v-70.4c0-6.4-6.4-12.8-12.8-12.8h-22.4c-6.4 0-12.8 6.4-12.8 12.8v70.4c0 6.4 6.4 12.8 12.8 12.8z\" class=\"\"><\/path><\/svg><\/i> <img loading=\"lazy\" decoding=\"async\" width=\"16\" height=\"16\" alt=\"Loading\" src=\"https:\/\/kiv-bitburg.de\/wp-content\/plugins\/page-views-count\/ajax-loader-2x.gif\" border=0 \/><\/p>\n<div class=\"pvc_clear\"><\/div>\n ","protected":false},"excerpt":{"rendered":"<p>Nachstehend eine \u00dcbersicht der regelm\u00e4\u00dfigen Treffen der Mitgliedsvereine im Kreisimkerverband Bitburg: \u2022 Bienenzuchtverein Bitburg Treffen im M\u00f6tscher Dorfhaus \u201eJedermanns\u201c, Am Kindergarten 8, 54634 \u00a0Bitburg-M\u00f6tsch jeweils montags, 19:00 Uhr Stammtisch-Termine 2024: 29.04.2024 02.09.2024 07.10.2024 Interessierte sind jederzeit herzlich willkommen. \u2022 Bienenzuchtverein Kyllburg Der Bienenzuchtverein Kyllburg trifft sich\u00a0immer am 1. Sonntag im Monat um 10:00 Uhr zum [&hellip;]<\/p>\n<div class=\"pvc_clear\"><\/div>\n<p id=\"pvc_stats_670\" class=\"pvc_stats all  \" data-element-id=\"670\" style=\"\"><i class=\"pvc-stats-icon medium\" aria-hidden=\"true\"><svg aria-hidden=\"true\" focusable=\"false\" data-prefix=\"far\" data-icon=\"chart-bar\" role=\"img\" xmlns=\"http:\/\/www.w3.org\/2000\/svg\" viewBox=\"0 0 512 512\" class=\"svg-inline--fa fa-chart-bar fa-w-16 fa-2x\"><path fill=\"currentColor\" d=\"M396.8 352h22.4c6.4 0 12.8-6.4 12.8-12.8V108.8c0-6.4-6.4-12.8-12.8-12.8h-22.4c-6.4 0-12.8 6.4-12.8 12.8v230.4c0 6.4 6.4 12.8 12.8 12.8zm-192 0h22.4c6.4 0 12.8-6.4 12.8-12.8V140.8c0-6.4-6.4-12.8-12.8-12.8h-22.4c-6.4 0-12.8 6.4-12.8 12.8v198.4c0 6.4 6.4 12.8 12.8 12.8zm96 0h22.4c6.4 0 12.8-6.4 12.8-12.8V204.8c0-6.4-6.4-12.8-12.8-12.8h-22.4c-6.4 0-12.8 6.4-12.8 12.8v134.4c0 6.4 6.4 12.8 12.8 12.8zM496 400H48V80c0-8.84-7.16-16-16-16H16C7.16 64 0 71.16 0 80v336c0 17.67 14.33 32 32 32h464c8.84 0 16-7.16 16-16v-16c0-8.84-7.16-16-16-16zm-387.2-48h22.4c6.4 0 12.8-6.4 12.8-12.8v-70.4c0-6.4-6.4-12.8-12.8-12.8h-22.4c-6.4 0-12.8 6.4-12.8 12.8v70.4c0 6.4 6.4 12.8 12.8 12.8z\" class=\"\"><\/path><\/svg><\/i> <img loading=\"lazy\" decoding=\"async\" width=\"16\" height=\"16\" alt=\"Loading\" src=\"https:\/\/kiv-bitburg.de\/wp-content\/plugins\/page-views-count\/ajax-loader-2x.gif\" border=0 \/><\/p>\n<div class=\"pvc_clear\"><\/div>\n","protected":false},"author":1,"featured_media":546,"parent":34,"menu_order":0,"comment_status":"closed","ping_status":"closed","template":"","meta":{"footnotes":""},"class_list":["post-670","page","type-page","status-publish","has-post-thumbnail","hentry"],"publishpress_future_action":{"enabled":false,"date":"2026-04-24 07:42:11","action":"change-status","newStatus":"draft","terms":[],"taxonomy":"","extraData":[]},"publishpress_future_workflow_manual_trigger":{"enabledWorkflows":[]},"_links":{"self":[{"href":"https:\/\/kiv-bitburg.de\/index.php?rest_route=\/wp\/v2\/pages\/670","targetHints":{"allow":["GET"]}}],"collection":[{"href":"https:\/\/kiv-bitburg.de\/index.php?rest_route=\/wp\/v2\/pages"}],"about":[{"href":"https:\/\/kiv-bitburg.de\/index.php?rest_route=\/wp\/v2\/types\/page"}],"author":[{"embeddable":true,"href":"https:\/\/kiv-bitburg.de\/index.php?rest_route=\/wp\/v2\/users\/1"}],"replies":[{"embeddable":true,"href":"https:\/\/kiv-bitburg.de\/index.php?rest_route=%2Fwp%2Fv2%2Fcomments&post=670"}],"version-history":[{"count":34,"href":"https:\/\/kiv-bitburg.de\/index.php?rest_route=\/wp\/v2\/pages\/670\/revisions"}],"predecessor-version":[{"id":2080,"href":"https:\/\/kiv-bitburg.de\/index.php?rest_route=\/wp\/v2\/pages\/670\/revisions\/2080"}],"up":[{"embeddable":true,"href":"https:\/\/kiv-bitburg.de\/index.php?rest_route=\/wp\/v2\/pages\/34"}],"wp:featuredmedia":[{"embeddable":true,"href":"https:\/\/kiv-bitburg.de\/index.php?rest_route=\/wp\/v2\/media\/546"}],"wp:attachment":[{"href":"https:\/\/kiv-bitburg.de\/index.php?rest_route=%2Fwp%2Fv2%2Fmedia&parent=670"}],"curies":[{"name":"wp","href":"https:\/\/api.w.org\/{rel}","templated":true}]}}