{"id":370,"date":"2017-09-06T12:27:36","date_gmt":"2017-09-06T12:27:36","guid":{"rendered":"http:\/\/cms.kiv-bitburg.de\/?page_id=370"},"modified":"2019-11-19T06:43:25","modified_gmt":"2019-11-19T06:43:25","slug":"nuetzliche-links","status":"publish","type":"page","link":"https:\/\/kiv-bitburg.de\/?page_id=370","title":{"rendered":"N\u00fctzliche Links"},"content":{"rendered":"<hr>\n<p><strong><a href=\"https:\/\/ruhrstadt-imker.de\/einfach-imkern\/pia-aumeier-dropbox\/index.html\" target=\"_blank\" rel=\"noopener noreferrer\">\u2022 Schulungsmaterial von Dr. Pia Aumeier<\/a><br \/>\n<\/strong>Viele n\u00fctzliche und informative Skripte und Anleitungen<strong><br \/>\n<\/strong><\/p>\n<p><strong><a href=\"http:\/\/www.dlr.rlp.de\/Internet\/global\/inetcntr.nsf\/dlr_web_full.xsp?src=X59QY4860Q&amp;p1=05Y4210002&amp;p3=D2KEU5C709&amp;p4=XJPZBV4849\" target=\"_blank\" rel=\"noopener noreferrer\">\u2022 Varroa-Wetter<\/a><br \/>\n<\/strong>Hilfe bei der Planung der Varroabehandlung durch Wettervorhersage an Ihrem Wohnort.&nbsp;PLZ Ihres Wohnorts eingeben &#8211; schon erhalten Sie die Planungshilfe \u2026<\/p>\n<p><strong><a href=\"http:\/\/bienenkunde.rlp.de\/Internet\/global\/inetcntr.nsf\/dlr_web_full.xsp?src=909H75M036&amp;p1=582YJ43X4F&amp;p3=3EJ6R9TL7L&amp;p4=HY3576SY58\" target=\"_blank\" rel=\"noopener noreferrer\">\u2022 Infobrief Bienen@Imkerei<br \/>\n<\/a><\/strong>Lesen Sie hier regelm\u00e4\u00dfig die neuesten Informationen herausgegeben vom Fachzentrum Bienen und Imkerei, Mayen<\/p>\n<p><strong><a href=\"http:\/\/www.bienenkunde.rlp.de\/Internet\/global\/inetcntr.nsf\/dlr_web_full.xsp?src=77MX6O82N9&amp;p1=45LMP87X43&amp;p3=X14SNYJ6IZ&amp;p4=HY3576SY58\" target=\"_blank\" rel=\"noopener noreferrer\">\u2022 Fachzentrum f\u00fcr Bienen und Imkerei in Mayen<\/a><\/strong><\/p>\n<p><a href=\"http:\/\/imkerverbandrheinland.de\" target=\"_blank\" rel=\"noopener noreferrer\"><strong>\u2022 Imkerverband Rheinland<\/strong><\/a><\/p>\n<p><a href=\"http:\/\/deutscherimkerbund.de\/2-Willkommen\" target=\"_blank\" rel=\"noopener noreferrer\"><strong>\u2022 Deutscher Imkerverband<\/strong><\/a><\/p>\n<p><a href=\"http:\/\/www.imkerakademie.de\/\" target=\"_blank\" rel=\"noopener noreferrer\"><strong>\u2022 Imkerakademie<\/strong><\/a><\/p>\n<p><strong><a href=\"http:\/\/www.immelieb.de\/\" target=\"_blank\" rel=\"noopener noreferrer\">\u2022 Einfach imkern<\/a><\/strong><\/p>\n<p><strong><a href=\"http:\/\/honig-und-bienen.de\/\" target=\"_blank\" rel=\"noopener noreferrer\">\u2022 Honig und Bienen<\/a><\/strong><\/p>\n<p><strong><a href=\"http:\/\/www.bienenundnatur.de\" target=\"_blank\" rel=\"noopener noreferrer\">\u2022 Fachjournal &#8222;Bienen und Natur&#8220;<\/a><\/strong><\/p>\n<p><strong><a href=\"https:\/\/wiki.bienenzeitung.de\/index.php?title=Kategorie:Das_Gro\u00dfe_Imkerbuch\" target=\"_blank\" rel=\"noopener noreferrer\">\u2022 Das Gro\u00dfe Imkerbuch<\/a><a href=\"http:\/\/bienenkunde.rlp.de\/Internet\/global\/inetcntr.nsf\/dlr_web_full.xsp?src=909H75M036&amp;p1=582YJ43X4F&amp;p3=3EJ6R9TL7L&amp;p4=HY3576SY58\" target=\"_blank\" rel=\"noopener noreferrer\"><br \/>\n<\/a><\/strong>Das Gro\u00dfe Imkerbuch beinhaltet umfassende Beitr\u00e4ge zur praktischen Umsetzung der Arbeiten in der Imkerei und erl\u00e4utert mit einem eigenen, integrierten Imkerlexikon spezielle Begriffe aus der Imkerei und den angrenzenden Themen.<\/p>\n<p><a href=\"http:\/\/www.homecrossing.de\/beespace\/?zoom=7&amp;lat=49.9720&amp;lon=6.5050&amp;layer=OpenStreetMap.de&amp;r1=3&amp;r2=5\" target=\"_blank\" rel=\"noopener noreferrer\"><strong>\u2022 Flugradius meiner Bienen<br \/>\n<\/strong><\/a>Wissen Sie wie weit Ihre Bienen fliegen? Finden Sie es heraus!<\/p>\n<p><strong><a href=\"https:\/\/www.bitburg-pruem.de\/cms\/buergerservice-verwaltung\/was-erledige-ich-wo\/bereiche\/veterinaerwesen-lebensmittelueberwachung\/196-veterinaerwesen\" target=\"_blank\" rel=\"noopener noreferrer\">\u2022 Veterin\u00e4ramt Bitburg-Pr\u00fcm<br \/>\n<\/a><\/strong>Die erste&nbsp; Anlaufstelle bei Verdacht auf Krankheiten Ihrer(s) Bienenv\u00f6lker-(volks) und\/oder wenn Futterkranzproben entnommen werden sollen um die Gesundheit Ihrer Bienen zu konrollieren.<br \/>\nAuch dann, wenn Zeugnisse ausgestellt werden m\u00fcssen, bspw. beim Wandern in einen anderen Landkreis.<\/p>\n<div class=\"pvc_clear\"><\/div>\n<p id=\"pvc_stats_370\" class=\"pvc_stats all  \" data-element-id=\"370\" style=\"\"><i class=\"pvc-stats-icon medium\" aria-hidden=\"true\"><svg aria-hidden=\"true\" focusable=\"false\" data-prefix=\"far\" data-icon=\"chart-bar\" role=\"img\" xmlns=\"http:\/\/www.w3.org\/2000\/svg\" viewBox=\"0 0 512 512\" class=\"svg-inline--fa fa-chart-bar fa-w-16 fa-2x\"><path fill=\"currentColor\" d=\"M396.8 352h22.4c6.4 0 12.8-6.4 12.8-12.8V108.8c0-6.4-6.4-12.8-12.8-12.8h-22.4c-6.4 0-12.8 6.4-12.8 12.8v230.4c0 6.4 6.4 12.8 12.8 12.8zm-192 0h22.4c6.4 0 12.8-6.4 12.8-12.8V140.8c0-6.4-6.4-12.8-12.8-12.8h-22.4c-6.4 0-12.8 6.4-12.8 12.8v198.4c0 6.4 6.4 12.8 12.8 12.8zm96 0h22.4c6.4 0 12.8-6.4 12.8-12.8V204.8c0-6.4-6.4-12.8-12.8-12.8h-22.4c-6.4 0-12.8 6.4-12.8 12.8v134.4c0 6.4 6.4 12.8 12.8 12.8zM496 400H48V80c0-8.84-7.16-16-16-16H16C7.16 64 0 71.16 0 80v336c0 17.67 14.33 32 32 32h464c8.84 0 16-7.16 16-16v-16c0-8.84-7.16-16-16-16zm-387.2-48h22.4c6.4 0 12.8-6.4 12.8-12.8v-70.4c0-6.4-6.4-12.8-12.8-12.8h-22.4c-6.4 0-12.8 6.4-12.8 12.8v70.4c0 6.4 6.4 12.8 12.8 12.8z\" class=\"\"><\/path><\/svg><\/i> <img loading=\"lazy\" decoding=\"async\" width=\"16\" height=\"16\" alt=\"Loading\" src=\"https:\/\/kiv-bitburg.de\/wp-content\/plugins\/page-views-count\/ajax-loader-2x.gif\" border=0 \/><\/p>\n<div class=\"pvc_clear\"><\/div>\n ","protected":false},"excerpt":{"rendered":"<p>\u2022 Schulungsmaterial von Dr. Pia Aumeier Viele n\u00fctzliche und informative Skripte und Anleitungen \u2022 Varroa-Wetter Hilfe bei der Planung der Varroabehandlung durch Wettervorhersage an Ihrem Wohnort.&nbsp;PLZ Ihres Wohnorts eingeben &#8211; schon erhalten Sie die Planungshilfe \u2026 \u2022 Infobrief Bienen@Imkerei Lesen Sie hier regelm\u00e4\u00dfig die neuesten Informationen herausgegeben vom Fachzentrum Bienen und Imkerei, Mayen \u2022 Fachzentrum [&hellip;]<\/p>\n<div class=\"pvc_clear\"><\/div>\n<p id=\"pvc_stats_370\" class=\"pvc_stats all  \" data-element-id=\"370\" style=\"\"><i class=\"pvc-stats-icon medium\" aria-hidden=\"true\"><svg aria-hidden=\"true\" focusable=\"false\" data-prefix=\"far\" data-icon=\"chart-bar\" role=\"img\" xmlns=\"http:\/\/www.w3.org\/2000\/svg\" viewBox=\"0 0 512 512\" class=\"svg-inline--fa fa-chart-bar fa-w-16 fa-2x\"><path fill=\"currentColor\" d=\"M396.8 352h22.4c6.4 0 12.8-6.4 12.8-12.8V108.8c0-6.4-6.4-12.8-12.8-12.8h-22.4c-6.4 0-12.8 6.4-12.8 12.8v230.4c0 6.4 6.4 12.8 12.8 12.8zm-192 0h22.4c6.4 0 12.8-6.4 12.8-12.8V140.8c0-6.4-6.4-12.8-12.8-12.8h-22.4c-6.4 0-12.8 6.4-12.8 12.8v198.4c0 6.4 6.4 12.8 12.8 12.8zm96 0h22.4c6.4 0 12.8-6.4 12.8-12.8V204.8c0-6.4-6.4-12.8-12.8-12.8h-22.4c-6.4 0-12.8 6.4-12.8 12.8v134.4c0 6.4 6.4 12.8 12.8 12.8zM496 400H48V80c0-8.84-7.16-16-16-16H16C7.16 64 0 71.16 0 80v336c0 17.67 14.33 32 32 32h464c8.84 0 16-7.16 16-16v-16c0-8.84-7.16-16-16-16zm-387.2-48h22.4c6.4 0 12.8-6.4 12.8-12.8v-70.4c0-6.4-6.4-12.8-12.8-12.8h-22.4c-6.4 0-12.8 6.4-12.8 12.8v70.4c0 6.4 6.4 12.8 12.8 12.8z\" class=\"\"><\/path><\/svg><\/i> <img loading=\"lazy\" decoding=\"async\" width=\"16\" height=\"16\" alt=\"Loading\" src=\"https:\/\/kiv-bitburg.de\/wp-content\/plugins\/page-views-count\/ajax-loader-2x.gif\" border=0 \/><\/p>\n<div class=\"pvc_clear\"><\/div>\n","protected":false},"author":1,"featured_media":521,"parent":375,"menu_order":0,"comment_status":"closed","ping_status":"closed","template":"","meta":{"footnotes":""},"class_list":["post-370","page","type-page","status-publish","has-post-thumbnail","hentry"],"publishpress_future_action":{"enabled":false,"date":"2026-04-24 07:46:40","action":"change-status","newStatus":"draft","terms":[],"taxonomy":"","extraData":[]},"publishpress_future_workflow_manual_trigger":{"enabledWorkflows":[]},"_links":{"self":[{"href":"https:\/\/kiv-bitburg.de\/index.php?rest_route=\/wp\/v2\/pages\/370","targetHints":{"allow":["GET"]}}],"collection":[{"href":"https:\/\/kiv-bitburg.de\/index.php?rest_route=\/wp\/v2\/pages"}],"about":[{"href":"https:\/\/kiv-bitburg.de\/index.php?rest_route=\/wp\/v2\/types\/page"}],"author":[{"embeddable":true,"href":"https:\/\/kiv-bitburg.de\/index.php?rest_route=\/wp\/v2\/users\/1"}],"replies":[{"embeddable":true,"href":"https:\/\/kiv-bitburg.de\/index.php?rest_route=%2Fwp%2Fv2%2Fcomments&post=370"}],"version-history":[{"count":84,"href":"https:\/\/kiv-bitburg.de\/index.php?rest_route=\/wp\/v2\/pages\/370\/revisions"}],"predecessor-version":[{"id":1351,"href":"https:\/\/kiv-bitburg.de\/index.php?rest_route=\/wp\/v2\/pages\/370\/revisions\/1351"}],"up":[{"embeddable":true,"href":"https:\/\/kiv-bitburg.de\/index.php?rest_route=\/wp\/v2\/pages\/375"}],"wp:featuredmedia":[{"embeddable":true,"href":"https:\/\/kiv-bitburg.de\/index.php?rest_route=\/wp\/v2\/media\/521"}],"wp:attachment":[{"href":"https:\/\/kiv-bitburg.de\/index.php?rest_route=%2Fwp%2Fv2%2Fmedia&parent=370"}],"curies":[{"name":"wp","href":"https:\/\/api.w.org\/{rel}","templated":true}]}}