{"id":1621,"date":"2021-02-13T10:26:45","date_gmt":"2021-02-13T10:26:45","guid":{"rendered":"https:\/\/kiv-bitburg.de\/?page_id=1621"},"modified":"2022-10-27T07:23:15","modified_gmt":"2022-10-27T07:23:15","slug":"liebe-imkerfreunde-und-die-die-es-nochwerden-wollen","status":"publish","type":"page","link":"https:\/\/kiv-bitburg.de\/?page_id=1621","title":{"rendered":"Liebe Imkerfreunde<br> und die, die es noch<br>werden wollen!"},"content":{"rendered":"<p>Ob nun schon in der Imkerei erfahren, Neuimker oder motiviert mit dem Imkern zu beginnen, es geht ganz sicher &#8211; trotz Corona &#8211; weiter mit unseren Einsteigerkursen.<\/p>\n<p>Im Jahr 2022 konnten wir vom KIV-Bitburg \/ BZV Bitburg &#8211; wie in den Jahren zuvor &#8211; wieder kostenlose <a href=\"https:\/\/kiv-bitburg.de\/?page_id=990\">Neuimkerkurse<\/a> angebieten, die von vielen Interessierten besucht wurden.<br \/>\nVon diesem Angebot wird schon seit vielen Jahren Gebrauch gemacht und es konnten so j\u00e4hrlich zwischen ca. 30 und 40 Neuimker\u00a0ausgebildet werden, die am Ende des Kurses einen Ableger (kleines Bienenvolk) ihr Eigen nennen d\u00fcrfen.<\/p>\n<p>Nat\u00fcrlich k\u00f6nnt Ihr Euch auch jetzt schon <strong><a href=\"https:\/\/kiv-bitburg.de\/?page_id=113\">f\u00fcr einen Kurs vormerken<\/a><\/strong> lassen, der dann im kommenden Fr\u00fchling beginnt. Wir informieren Euch dann, sobald es wieder losgeht!<\/p>\n<p>Wir hoffen und w\u00fcnschen sehr, dass es auch in 2023 dann wie gewohnt weitergehen darf mit unseren Kursen!<\/p>\n<p>Eine Option w\u00e4re auch, einen ortsans\u00e4ssigen Imker (unter Einhaltung der geltenden Coronabedingungen) \u00fcber das Bienenjahr zu begleiten. Welche Ansprechpartner\/Imker in Eurem Umfeld aktiv sind, finden wir bei Interesse gerne f\u00fcr Euch heraus!<\/p>\n<p>Kontaktanfragen dazu bitte an:<br \/>\n<strong><a href=\"https:\/\/kiv-bitburg.de\/?page_id=113\">KIV-Bitburg<\/a><\/strong>\u00a0 &lt;&lt;&lt;- klick \u2026<\/p>\n<p>LieBEE Gr\u00fc\u00dfe und bleibt gesund!<br \/>\nDer Vorstand des Kreisimkerverbandes Bitburg<\/p>\n<div class=\"pvc_clear\"><\/div>\n<p id=\"pvc_stats_1621\" class=\"pvc_stats all  \" data-element-id=\"1621\" style=\"\"><i class=\"pvc-stats-icon medium\" aria-hidden=\"true\"><svg aria-hidden=\"true\" focusable=\"false\" data-prefix=\"far\" data-icon=\"chart-bar\" role=\"img\" xmlns=\"http:\/\/www.w3.org\/2000\/svg\" viewBox=\"0 0 512 512\" class=\"svg-inline--fa fa-chart-bar fa-w-16 fa-2x\"><path fill=\"currentColor\" d=\"M396.8 352h22.4c6.4 0 12.8-6.4 12.8-12.8V108.8c0-6.4-6.4-12.8-12.8-12.8h-22.4c-6.4 0-12.8 6.4-12.8 12.8v230.4c0 6.4 6.4 12.8 12.8 12.8zm-192 0h22.4c6.4 0 12.8-6.4 12.8-12.8V140.8c0-6.4-6.4-12.8-12.8-12.8h-22.4c-6.4 0-12.8 6.4-12.8 12.8v198.4c0 6.4 6.4 12.8 12.8 12.8zm96 0h22.4c6.4 0 12.8-6.4 12.8-12.8V204.8c0-6.4-6.4-12.8-12.8-12.8h-22.4c-6.4 0-12.8 6.4-12.8 12.8v134.4c0 6.4 6.4 12.8 12.8 12.8zM496 400H48V80c0-8.84-7.16-16-16-16H16C7.16 64 0 71.16 0 80v336c0 17.67 14.33 32 32 32h464c8.84 0 16-7.16 16-16v-16c0-8.84-7.16-16-16-16zm-387.2-48h22.4c6.4 0 12.8-6.4 12.8-12.8v-70.4c0-6.4-6.4-12.8-12.8-12.8h-22.4c-6.4 0-12.8 6.4-12.8 12.8v70.4c0 6.4 6.4 12.8 12.8 12.8z\" class=\"\"><\/path><\/svg><\/i> <img loading=\"lazy\" decoding=\"async\" width=\"16\" height=\"16\" alt=\"Loading\" src=\"https:\/\/kiv-bitburg.de\/wp-content\/plugins\/page-views-count\/ajax-loader-2x.gif\" border=0 \/><\/p>\n<div class=\"pvc_clear\"><\/div>\n ","protected":false},"excerpt":{"rendered":"<p>Ob nun schon in der Imkerei erfahren, Neuimker oder motiviert mit dem Imkern zu beginnen, es geht ganz sicher &#8211; trotz Corona &#8211; weiter mit unseren Einsteigerkursen. Im Jahr 2022 konnten wir vom KIV-Bitburg \/ BZV Bitburg &#8211; wie in den Jahren zuvor &#8211; wieder kostenlose Neuimkerkurse angebieten, die von vielen Interessierten besucht wurden. Von [&hellip;]<\/p>\n<div class=\"pvc_clear\"><\/div>\n<p id=\"pvc_stats_1621\" class=\"pvc_stats all  \" data-element-id=\"1621\" style=\"\"><i class=\"pvc-stats-icon medium\" aria-hidden=\"true\"><svg aria-hidden=\"true\" focusable=\"false\" data-prefix=\"far\" data-icon=\"chart-bar\" role=\"img\" xmlns=\"http:\/\/www.w3.org\/2000\/svg\" viewBox=\"0 0 512 512\" class=\"svg-inline--fa fa-chart-bar fa-w-16 fa-2x\"><path fill=\"currentColor\" d=\"M396.8 352h22.4c6.4 0 12.8-6.4 12.8-12.8V108.8c0-6.4-6.4-12.8-12.8-12.8h-22.4c-6.4 0-12.8 6.4-12.8 12.8v230.4c0 6.4 6.4 12.8 12.8 12.8zm-192 0h22.4c6.4 0 12.8-6.4 12.8-12.8V140.8c0-6.4-6.4-12.8-12.8-12.8h-22.4c-6.4 0-12.8 6.4-12.8 12.8v198.4c0 6.4 6.4 12.8 12.8 12.8zm96 0h22.4c6.4 0 12.8-6.4 12.8-12.8V204.8c0-6.4-6.4-12.8-12.8-12.8h-22.4c-6.4 0-12.8 6.4-12.8 12.8v134.4c0 6.4 6.4 12.8 12.8 12.8zM496 400H48V80c0-8.84-7.16-16-16-16H16C7.16 64 0 71.16 0 80v336c0 17.67 14.33 32 32 32h464c8.84 0 16-7.16 16-16v-16c0-8.84-7.16-16-16-16zm-387.2-48h22.4c6.4 0 12.8-6.4 12.8-12.8v-70.4c0-6.4-6.4-12.8-12.8-12.8h-22.4c-6.4 0-12.8 6.4-12.8 12.8v70.4c0 6.4 6.4 12.8 12.8 12.8z\" class=\"\"><\/path><\/svg><\/i> <img loading=\"lazy\" decoding=\"async\" width=\"16\" height=\"16\" alt=\"Loading\" src=\"https:\/\/kiv-bitburg.de\/wp-content\/plugins\/page-views-count\/ajax-loader-2x.gif\" border=0 \/><\/p>\n<div class=\"pvc_clear\"><\/div>\n","protected":false},"author":1,"featured_media":516,"parent":0,"menu_order":0,"comment_status":"closed","ping_status":"closed","template":"","meta":{"footnotes":""},"class_list":["post-1621","page","type-page","status-publish","has-post-thumbnail","hentry"],"a3_pvc":{"activated":true,"total_views":8881,"today_views":0},"publishpress_future_action":{"enabled":false,"date":"2026-05-07 14:45:02","action":"change-status","newStatus":"draft","terms":[],"taxonomy":"","extraData":[]},"publishpress_future_workflow_manual_trigger":{"enabledWorkflows":[]},"_links":{"self":[{"href":"https:\/\/kiv-bitburg.de\/index.php?rest_route=\/wp\/v2\/pages\/1621","targetHints":{"allow":["GET"]}}],"collection":[{"href":"https:\/\/kiv-bitburg.de\/index.php?rest_route=\/wp\/v2\/pages"}],"about":[{"href":"https:\/\/kiv-bitburg.de\/index.php?rest_route=\/wp\/v2\/types\/page"}],"author":[{"embeddable":true,"href":"https:\/\/kiv-bitburg.de\/index.php?rest_route=\/wp\/v2\/users\/1"}],"replies":[{"embeddable":true,"href":"https:\/\/kiv-bitburg.de\/index.php?rest_route=%2Fwp%2Fv2%2Fcomments&post=1621"}],"version-history":[{"count":25,"href":"https:\/\/kiv-bitburg.de\/index.php?rest_route=\/wp\/v2\/pages\/1621\/revisions"}],"predecessor-version":[{"id":1898,"href":"https:\/\/kiv-bitburg.de\/index.php?rest_route=\/wp\/v2\/pages\/1621\/revisions\/1898"}],"wp:featuredmedia":[{"embeddable":true,"href":"https:\/\/kiv-bitburg.de\/index.php?rest_route=\/wp\/v2\/media\/516"}],"wp:attachment":[{"href":"https:\/\/kiv-bitburg.de\/index.php?rest_route=%2Fwp%2Fv2%2Fmedia&parent=1621"}],"curies":[{"name":"wp","href":"https:\/\/api.w.org\/{rel}","templated":true}]}}