{"id":1141,"date":"2018-11-06T06:35:47","date_gmt":"2018-11-06T06:35:47","guid":{"rendered":"https:\/\/kiv-bitburg.de\/?page_id=1141"},"modified":"2018-11-06T09:30:40","modified_gmt":"2018-11-06T09:30:40","slug":"uebergabe-des-beienhouses","status":"publish","type":"page","link":"https:\/\/kiv-bitburg.de\/?page_id=1141","title":{"rendered":"\u00dcbergabe des renovierten &#8222;Beienhouses&#8220;"},"content":{"rendered":"<figure id=\"attachment_1143\" aria-describedby=\"caption-attachment-1143\" style=\"width: 401px\" class=\"wp-caption alignnone\"><a href=\"https:\/\/kiv-bitburg.de\/wp-content\/uploads\/2018\/11\/Foto_TV.jpg\"><img loading=\"lazy\" decoding=\"async\" class=\"wp-image-1143\" src=\"https:\/\/kiv-bitburg.de\/wp-content\/uploads\/2018\/11\/Foto_TV-300x200.jpg\" alt=\"\" width=\"401\" height=\"267\" srcset=\"https:\/\/kiv-bitburg.de\/wp-content\/uploads\/2018\/11\/Foto_TV-300x200.jpg 300w, https:\/\/kiv-bitburg.de\/wp-content\/uploads\/2018\/11\/Foto_TV-768x512.jpg 768w, https:\/\/kiv-bitburg.de\/wp-content\/uploads\/2018\/11\/Foto_TV.jpg 1024w, https:\/\/kiv-bitburg.de\/wp-content\/uploads\/2018\/11\/Foto_TV-400x266.jpg 400w\" sizes=\"auto, (max-width: 401px) 100vw, 401px\" \/><\/a><figcaption id=\"caption-attachment-1143\" class=\"wp-caption-text\">Herr B\u00fcrgermeister Kandels mit Vertretern der Stadt Bitburg, Mitarbeiter von innogy vor Ort und Mitglieder des KIV freuen sich mit dem Leiter des Lehrbienenstandes, Peter Berger, \u00fcber das renovierte &#8222;Beienhous&#8220;.<\/figcaption><\/figure>\n<p>Am 27. Oktober 2018 fand auf Steinebr\u00fcck der abschlie\u00dfende Termin zur \u00dcbergabe des neu renovierten &#8222;Beienhouses&#8220; an den KIV-Bitburg statt.<\/p>\n<p>Anwesend waren neben den flei\u00dfigen Imkerbienchen auch Herr B\u00fcrgermeister Kandels, Herr Werkleiter Goeblet, Frau Ulrike Loehnertz vom Trierischen Volksfreund sowie Herr Hoffmann von innogy vor Ort.<\/p>\n<p>Bei Kaffee und original Speicherer &#8222;Schmaandtoort&#8220; wurden die Aktivit\u00e4ten der letzten 12 Monate und die Arbeit von allen fleissigen Helfern nochmals in aller Form gew\u00fcrdigt.<\/p>\n<p>Wir d\u00fcrfen uns in 2019 auf weitere Projekte mit der Stadt Bitburg und Innogy SE freuen.<\/p>\n<p>Allen Helfern und Sponsoren und Unterst\u00fctzern nochmals herzlichen Dank f\u00fcr die tatkr\u00e4ftige Unterst\u00fctzung.<\/p>\n<p>&nbsp;<\/p>\n<div class=\"pvc_clear\"><\/div>\n<p id=\"pvc_stats_1141\" class=\"pvc_stats all  \" data-element-id=\"1141\" style=\"\"><i class=\"pvc-stats-icon medium\" aria-hidden=\"true\"><svg aria-hidden=\"true\" focusable=\"false\" data-prefix=\"far\" data-icon=\"chart-bar\" role=\"img\" xmlns=\"http:\/\/www.w3.org\/2000\/svg\" viewBox=\"0 0 512 512\" class=\"svg-inline--fa fa-chart-bar fa-w-16 fa-2x\"><path fill=\"currentColor\" d=\"M396.8 352h22.4c6.4 0 12.8-6.4 12.8-12.8V108.8c0-6.4-6.4-12.8-12.8-12.8h-22.4c-6.4 0-12.8 6.4-12.8 12.8v230.4c0 6.4 6.4 12.8 12.8 12.8zm-192 0h22.4c6.4 0 12.8-6.4 12.8-12.8V140.8c0-6.4-6.4-12.8-12.8-12.8h-22.4c-6.4 0-12.8 6.4-12.8 12.8v198.4c0 6.4 6.4 12.8 12.8 12.8zm96 0h22.4c6.4 0 12.8-6.4 12.8-12.8V204.8c0-6.4-6.4-12.8-12.8-12.8h-22.4c-6.4 0-12.8 6.4-12.8 12.8v134.4c0 6.4 6.4 12.8 12.8 12.8zM496 400H48V80c0-8.84-7.16-16-16-16H16C7.16 64 0 71.16 0 80v336c0 17.67 14.33 32 32 32h464c8.84 0 16-7.16 16-16v-16c0-8.84-7.16-16-16-16zm-387.2-48h22.4c6.4 0 12.8-6.4 12.8-12.8v-70.4c0-6.4-6.4-12.8-12.8-12.8h-22.4c-6.4 0-12.8 6.4-12.8 12.8v70.4c0 6.4 6.4 12.8 12.8 12.8z\" class=\"\"><\/path><\/svg><\/i> <img loading=\"lazy\" decoding=\"async\" width=\"16\" height=\"16\" alt=\"Loading\" src=\"https:\/\/kiv-bitburg.de\/wp-content\/plugins\/page-views-count\/ajax-loader-2x.gif\" border=0 \/><\/p>\n<div class=\"pvc_clear\"><\/div>\n ","protected":false},"excerpt":{"rendered":"<p>Am 27. Oktober 2018 fand auf Steinebr\u00fcck der abschlie\u00dfende Termin zur \u00dcbergabe des neu renovierten &#8222;Beienhouses&#8220; an den KIV-Bitburg statt. Anwesend waren neben den flei\u00dfigen Imkerbienchen auch Herr B\u00fcrgermeister Kandels, Herr Werkleiter Goeblet, Frau Ulrike Loehnertz vom Trierischen Volksfreund sowie Herr Hoffmann von innogy vor Ort. Bei Kaffee und original Speicherer &#8222;Schmaandtoort&#8220; wurden die Aktivit\u00e4ten [&hellip;]<\/p>\n<div class=\"pvc_clear\"><\/div>\n<p id=\"pvc_stats_1141\" class=\"pvc_stats all  \" data-element-id=\"1141\" style=\"\"><i class=\"pvc-stats-icon medium\" aria-hidden=\"true\"><svg aria-hidden=\"true\" focusable=\"false\" data-prefix=\"far\" data-icon=\"chart-bar\" role=\"img\" xmlns=\"http:\/\/www.w3.org\/2000\/svg\" viewBox=\"0 0 512 512\" class=\"svg-inline--fa fa-chart-bar fa-w-16 fa-2x\"><path fill=\"currentColor\" d=\"M396.8 352h22.4c6.4 0 12.8-6.4 12.8-12.8V108.8c0-6.4-6.4-12.8-12.8-12.8h-22.4c-6.4 0-12.8 6.4-12.8 12.8v230.4c0 6.4 6.4 12.8 12.8 12.8zm-192 0h22.4c6.4 0 12.8-6.4 12.8-12.8V140.8c0-6.4-6.4-12.8-12.8-12.8h-22.4c-6.4 0-12.8 6.4-12.8 12.8v198.4c0 6.4 6.4 12.8 12.8 12.8zm96 0h22.4c6.4 0 12.8-6.4 12.8-12.8V204.8c0-6.4-6.4-12.8-12.8-12.8h-22.4c-6.4 0-12.8 6.4-12.8 12.8v134.4c0 6.4 6.4 12.8 12.8 12.8zM496 400H48V80c0-8.84-7.16-16-16-16H16C7.16 64 0 71.16 0 80v336c0 17.67 14.33 32 32 32h464c8.84 0 16-7.16 16-16v-16c0-8.84-7.16-16-16-16zm-387.2-48h22.4c6.4 0 12.8-6.4 12.8-12.8v-70.4c0-6.4-6.4-12.8-12.8-12.8h-22.4c-6.4 0-12.8 6.4-12.8 12.8v70.4c0 6.4 6.4 12.8 12.8 12.8z\" class=\"\"><\/path><\/svg><\/i> <img loading=\"lazy\" decoding=\"async\" width=\"16\" height=\"16\" alt=\"Loading\" src=\"https:\/\/kiv-bitburg.de\/wp-content\/plugins\/page-views-count\/ajax-loader-2x.gif\" border=0 \/><\/p>\n<div class=\"pvc_clear\"><\/div>\n","protected":false},"author":1,"featured_media":1143,"parent":59,"menu_order":7,"comment_status":"closed","ping_status":"closed","template":"","meta":{"footnotes":""},"class_list":["post-1141","page","type-page","status-publish","has-post-thumbnail","hentry"],"a3_pvc":{"activated":true,"total_views":1909,"today_views":0},"publishpress_future_action":{"enabled":false,"date":"2026-05-07 06:46:46","action":"change-status","newStatus":"draft","terms":[],"taxonomy":"","extraData":[]},"publishpress_future_workflow_manual_trigger":{"enabledWorkflows":[]},"_links":{"self":[{"href":"https:\/\/kiv-bitburg.de\/index.php?rest_route=\/wp\/v2\/pages\/1141","targetHints":{"allow":["GET"]}}],"collection":[{"href":"https:\/\/kiv-bitburg.de\/index.php?rest_route=\/wp\/v2\/pages"}],"about":[{"href":"https:\/\/kiv-bitburg.de\/index.php?rest_route=\/wp\/v2\/types\/page"}],"author":[{"embeddable":true,"href":"https:\/\/kiv-bitburg.de\/index.php?rest_route=\/wp\/v2\/users\/1"}],"replies":[{"embeddable":true,"href":"https:\/\/kiv-bitburg.de\/index.php?rest_route=%2Fwp%2Fv2%2Fcomments&post=1141"}],"version-history":[{"count":8,"href":"https:\/\/kiv-bitburg.de\/index.php?rest_route=\/wp\/v2\/pages\/1141\/revisions"}],"predecessor-version":[{"id":1151,"href":"https:\/\/kiv-bitburg.de\/index.php?rest_route=\/wp\/v2\/pages\/1141\/revisions\/1151"}],"up":[{"embeddable":true,"href":"https:\/\/kiv-bitburg.de\/index.php?rest_route=\/wp\/v2\/pages\/59"}],"wp:featuredmedia":[{"embeddable":true,"href":"https:\/\/kiv-bitburg.de\/index.php?rest_route=\/wp\/v2\/media\/1143"}],"wp:attachment":[{"href":"https:\/\/kiv-bitburg.de\/index.php?rest_route=%2Fwp%2Fv2%2Fmedia&parent=1141"}],"curies":[{"name":"wp","href":"https:\/\/api.w.org\/{rel}","templated":true}]}}