{"id":113,"date":"2017-08-28T19:51:37","date_gmt":"2017-08-28T19:51:37","guid":{"rendered":"http:\/\/cms.kiv-bitburg.de\/?page_id=113"},"modified":"2017-09-17T16:49:19","modified_gmt":"2017-09-17T16:49:19","slug":"anfrage","status":"publish","type":"page","link":"https:\/\/kiv-bitburg.de\/?page_id=113","title":{"rendered":"Anfrage an den KIV"},"content":{"rendered":"<p><strong>Bitte f\u00fcllen Sie alle Felder aus:<\/strong><\/p>\n<form enctype=\"multipart\/form-data\" method=\"post\" id=\"psfb112\" action=\"https:\/\/kiv-bitburg.de\/?page_id=113\" class=\"planso-form-builder\" data-id=\"112\" data-cnt=\"1\" id=\"planso_forms_112_1\" data-locale=\"de\" data-locale_long=\"de_DE\" data-datepicker=\"bootstrap-datetimepicker\" data-date_format=\"F j, Y\" data-moment_date_format=\"MMMM D, YYYY\" data-jqueryui_date_format=\"MM d, yy\" data-eternicode_date_format=\"MM d, yyyy\"><div class=\"container-fluid\"><input type=\"hidden\" name=\"psfb_pageurl\" value=\"https:\/\/kiv-bitburg.de\/?page_id=113\"\/><input type=\"hidden\" name=\"psfb_userip\" value=\"216.73.216.69\"\/><input type=\"hidden\" name=\"psfb_useragent\" value=\"Mozilla\/5.0 AppleWebKit\/537.36 (KHTML, like Gecko; compatible; ClaudeBot\/1.0; +claudebot@anthropic.com)\"\/><input type=\"hidden\" name=\"psfb_landingpage\" value=\"http:\/\/kiv-bitburg.de\/index.php?rest_route=%2Fwp%2Fv2%2Fpages%2F113\"\/><input type=\"hidden\" name=\"psfb_referer\" value=\"Direct\"\/><input type=\"hidden\" name=\"psfb_page_id\" value=\"113\"\/><input type=\"hidden\" name=\"psfb_form_submit\" value=\"1\"\/><input type=\"hidden\" name=\"psfb_form_id\" value=\"112\"\/><input type=\"hidden\" name=\"psfb_form_cnt\" value=\"1\"\/><div style=\"display:none\"><input type=\"text\" name=\"psfb_hon_as\"\/><\/div><div style=\"display:none\"><input type=\"text\" name=\"psfb_hon_as2\" id=\"psfb_hon_as2_112_1\" value=\"c7cb1373452cfd52afa7998e482bef39\"\/><\/div><div style=\"display:none\"><input type=\"text\" name=\"psfb_cnt_check\" value=\"1\"\/><\/div><div class=\"row\"><div class=\"col-md-6\"><div class=\"form-group psfb-single-container\"><label class=\"control-label\" for=\"psfield_112_1\">Name<span class=\"psfb_required_mark\">*<\/span><\/label><input type=\"text\" required=\"required\" data-required=\"required\" name=\"Name\" class=\"form-control  \" id=\"psfield_112_1\" style=\"\"\/><\/div><\/div><div class=\"col-md-6\"><div class=\"form-group psfb-single-container\"><label class=\"control-label\" for=\"psfield_112_2\">Vorname<span class=\"psfb_required_mark\">*<\/span><\/label><input type=\"text\" required=\"required\" data-required=\"required\" name=\"Vorname\" class=\"form-control  \" id=\"psfield_112_2\" style=\"\"\/><\/div><\/div><\/div><div class=\"row\"><div class=\"col-md-6\"><div class=\"form-group psfb-single-container\"><label class=\"control-label\" for=\"psfield_112_3\">E-Mail<span class=\"psfb_required_mark\">*<\/span><\/label><input type=\"email\" required=\"required\" data-required=\"required\" name=\"E_Mail\" class=\"form-control  \" id=\"psfield_112_3\" style=\"\"\/><\/div><\/div><div class=\"col-md-6\"><div class=\"form-group psfb-single-container\"><label class=\"control-label\" for=\"psfield_112_4\">Telefon<\/label><input type=\"tel\" name=\"Telefon\" class=\"form-control \" id=\"psfield_112_4\" style=\"\"\/><\/div><\/div><\/div><div class=\"row\"><div class=\"col-md-12\"><div class=\"form-group psfb-single-container\"><label class=\"control-label\" for=\"psfield_112_5\">Ihre Anfrage<span class=\"psfb_required_mark\">*<\/span><\/label><textarea required=\"required\" data-required=\"required\" name=\"Ihre_Anfrage\" class=\"form-control  \" id=\"psfield_112_5\" style=\"margin-top: 0px; margin-bottom: 0px; height: 257px;\"><\/textarea><\/div><\/div><\/div><div class=\"row\"><div class=\"col-md-12\"><div class=\"form-group psfb-single-container\"><div style=\"\" class=\"\"><br>Ich stimme zu, dass meine Angaben aus dem Kontaktformular zur Beantwortung meiner Anfrage erhoben und verarbeitet werden d\u00fcrfen. Die Daten werden nach abgeschlossener Bearbeitung Ihrer Anfrage gel\u00f6scht. Sie k\u00f6nnen Ihre Einwilligung jederzeit f\u00fcr die Zukunft per E-Mail an post@kiv-bitburg.de widerrufen. Detaillierte Informationen zum Umgang mit Nutzerdaten finden Sie in unserer Datenschutzerkl\u00e4rung.<br><br><\/div><\/div><\/div><\/div><div class=\"row\"><div class=\"col-md-12\"><div class=\"form-group psfb-single-container\"><div class=\"checkbox_wrapper\"><label class=\"checkbox-inline checkbox_wrapper\" style=\"\"><input data-required=\"required\" type=\"checkbox\" value=\" Ich stimme zu!\" name=\"Ich_stimme_zu[]\" id=\"psfield_112_7_1\"> Ich stimme zu!<\/label><\/div><\/div><\/div><\/div><div class=\"row\"><div class=\"col-md-12\"><div class=\"form-group psfb-single-container\"><div style=\"position:relative;z-index:1;\"><button type=\"submit\" class=\"btn btn-primary                                     \" id=\"psfield_112_8\" style=\"\">Senden<\/button><\/div><\/div><\/div><\/div><\/div><\/form>\n<div class=\"pvc_clear\"><\/div>\n<p id=\"pvc_stats_113\" class=\"pvc_stats all  \" data-element-id=\"113\" style=\"\"><i class=\"pvc-stats-icon medium\" aria-hidden=\"true\"><svg aria-hidden=\"true\" focusable=\"false\" data-prefix=\"far\" data-icon=\"chart-bar\" role=\"img\" xmlns=\"http:\/\/www.w3.org\/2000\/svg\" viewBox=\"0 0 512 512\" class=\"svg-inline--fa fa-chart-bar fa-w-16 fa-2x\"><path fill=\"currentColor\" d=\"M396.8 352h22.4c6.4 0 12.8-6.4 12.8-12.8V108.8c0-6.4-6.4-12.8-12.8-12.8h-22.4c-6.4 0-12.8 6.4-12.8 12.8v230.4c0 6.4 6.4 12.8 12.8 12.8zm-192 0h22.4c6.4 0 12.8-6.4 12.8-12.8V140.8c0-6.4-6.4-12.8-12.8-12.8h-22.4c-6.4 0-12.8 6.4-12.8 12.8v198.4c0 6.4 6.4 12.8 12.8 12.8zm96 0h22.4c6.4 0 12.8-6.4 12.8-12.8V204.8c0-6.4-6.4-12.8-12.8-12.8h-22.4c-6.4 0-12.8 6.4-12.8 12.8v134.4c0 6.4 6.4 12.8 12.8 12.8zM496 400H48V80c0-8.84-7.16-16-16-16H16C7.16 64 0 71.16 0 80v336c0 17.67 14.33 32 32 32h464c8.84 0 16-7.16 16-16v-16c0-8.84-7.16-16-16-16zm-387.2-48h22.4c6.4 0 12.8-6.4 12.8-12.8v-70.4c0-6.4-6.4-12.8-12.8-12.8h-22.4c-6.4 0-12.8 6.4-12.8 12.8v70.4c0 6.4 6.4 12.8 12.8 12.8z\" class=\"\"><\/path><\/svg><\/i> <img loading=\"lazy\" decoding=\"async\" width=\"16\" height=\"16\" alt=\"Loading\" src=\"https:\/\/kiv-bitburg.de\/wp-content\/plugins\/page-views-count\/ajax-loader-2x.gif\" border=0 \/><\/p>\n<div class=\"pvc_clear\"><\/div>\n ","protected":false},"excerpt":{"rendered":"<p>Bitte f\u00fcllen Sie alle Felder aus:<\/p>\n<div class=\"pvc_clear\"><\/div>\n<p id=\"pvc_stats_113\" class=\"pvc_stats all  \" data-element-id=\"113\" style=\"\"><i class=\"pvc-stats-icon medium\" aria-hidden=\"true\"><svg aria-hidden=\"true\" focusable=\"false\" data-prefix=\"far\" data-icon=\"chart-bar\" role=\"img\" xmlns=\"http:\/\/www.w3.org\/2000\/svg\" viewBox=\"0 0 512 512\" class=\"svg-inline--fa fa-chart-bar fa-w-16 fa-2x\"><path fill=\"currentColor\" d=\"M396.8 352h22.4c6.4 0 12.8-6.4 12.8-12.8V108.8c0-6.4-6.4-12.8-12.8-12.8h-22.4c-6.4 0-12.8 6.4-12.8 12.8v230.4c0 6.4 6.4 12.8 12.8 12.8zm-192 0h22.4c6.4 0 12.8-6.4 12.8-12.8V140.8c0-6.4-6.4-12.8-12.8-12.8h-22.4c-6.4 0-12.8 6.4-12.8 12.8v198.4c0 6.4 6.4 12.8 12.8 12.8zm96 0h22.4c6.4 0 12.8-6.4 12.8-12.8V204.8c0-6.4-6.4-12.8-12.8-12.8h-22.4c-6.4 0-12.8 6.4-12.8 12.8v134.4c0 6.4 6.4 12.8 12.8 12.8zM496 400H48V80c0-8.84-7.16-16-16-16H16C7.16 64 0 71.16 0 80v336c0 17.67 14.33 32 32 32h464c8.84 0 16-7.16 16-16v-16c0-8.84-7.16-16-16-16zm-387.2-48h22.4c6.4 0 12.8-6.4 12.8-12.8v-70.4c0-6.4-6.4-12.8-12.8-12.8h-22.4c-6.4 0-12.8 6.4-12.8 12.8v70.4c0 6.4 6.4 12.8 12.8 12.8z\" class=\"\"><\/path><\/svg><\/i> <img loading=\"lazy\" decoding=\"async\" width=\"16\" height=\"16\" alt=\"Loading\" src=\"https:\/\/kiv-bitburg.de\/wp-content\/plugins\/page-views-count\/ajax-loader-2x.gif\" border=0 \/><\/p>\n<div class=\"pvc_clear\"><\/div>\n","protected":false},"author":1,"featured_media":52,"parent":0,"menu_order":0,"comment_status":"closed","ping_status":"closed","template":"","meta":{"footnotes":""},"class_list":["post-113","page","type-page","status-publish","has-post-thumbnail","hentry"],"publishpress_future_action":{"enabled":false,"date":"2026-04-24 07:44:21","action":"change-status","newStatus":"draft","terms":[],"taxonomy":"","extraData":[]},"publishpress_future_workflow_manual_trigger":{"enabledWorkflows":[]},"_links":{"self":[{"href":"https:\/\/kiv-bitburg.de\/index.php?rest_route=\/wp\/v2\/pages\/113","targetHints":{"allow":["GET"]}}],"collection":[{"href":"https:\/\/kiv-bitburg.de\/index.php?rest_route=\/wp\/v2\/pages"}],"about":[{"href":"https:\/\/kiv-bitburg.de\/index.php?rest_route=\/wp\/v2\/types\/page"}],"author":[{"embeddable":true,"href":"https:\/\/kiv-bitburg.de\/index.php?rest_route=\/wp\/v2\/users\/1"}],"replies":[{"embeddable":true,"href":"https:\/\/kiv-bitburg.de\/index.php?rest_route=%2Fwp%2Fv2%2Fcomments&post=113"}],"version-history":[{"count":3,"href":"https:\/\/kiv-bitburg.de\/index.php?rest_route=\/wp\/v2\/pages\/113\/revisions"}],"predecessor-version":[{"id":505,"href":"https:\/\/kiv-bitburg.de\/index.php?rest_route=\/wp\/v2\/pages\/113\/revisions\/505"}],"wp:featuredmedia":[{"embeddable":true,"href":"https:\/\/kiv-bitburg.de\/index.php?rest_route=\/wp\/v2\/media\/52"}],"wp:attachment":[{"href":"https:\/\/kiv-bitburg.de\/index.php?rest_route=%2Fwp%2Fv2%2Fmedia&parent=113"}],"curies":[{"name":"wp","href":"https:\/\/api.w.org\/{rel}","templated":true}]}}