{"id":1103,"date":"2018-06-07T06:07:26","date_gmt":"2018-06-07T06:07:26","guid":{"rendered":"https:\/\/kiv-bitburg.de\/?page_id=1103"},"modified":"2023-03-26T11:07:15","modified_gmt":"2023-03-26T11:07:15","slug":"flohmarkt","status":"publish","type":"page","link":"https:\/\/kiv-bitburg.de\/?page_id=1103","title":{"rendered":"Flohmarkt"},"content":{"rendered":"<p>Hallo Imker-Kolleginnen und Kollegen,<\/p>\n<p>hier an dieser Stelle habt Ihr die M\u00f6glichkeit, Bienenv\u00f6lker, Eure nicht mehr ben\u00f6tigten Imkerei-Ger\u00e4tschaften etc. anzubieten oder Such-Anfragen einzustellen.<\/p>\n<p><strong>Voraussetzung:<\/strong> Mitgliedschaft in einem Imkerverein, welcher zum KIV-Bitburg geh\u00f6rt.<\/p>\n<p>Benutzt dazu das nachstehende Formular\u00a0&#8211; bitte alle Felder ausf\u00fcllen und an den Webmaster absenden. Die Anzeige bleibt nach Ver\u00f6ffentlichung 60 Tage online und kann danach bei Bedarf verl\u00e4ngert werden.<\/p>\n<p>Es k\u00f6nnen lediglich Textanzeigen ver\u00f6ffentlicht werden, Fotos k\u00f6nnt Ihr nach Kontaktaufnahme mit den Interessenten selbst austauschen.<\/p>\n<hr \/>\n<p><strong>Hier k\u00f6nnt Ihr die Anzeige aufgeben:<br \/>\n<\/strong>(Name und Vereinsmitgliedschaft<br \/>\nwerden nicht ver\u00f6ffentlicht)<\/p>\n<form enctype=\"multipart\/form-data\" method=\"post\" id=\"psfb1429\" action=\"https:\/\/kiv-bitburg.de\/?page_id=1103\" class=\"planso-form-builder\" data-id=\"1429\" data-cnt=\"1\" id=\"planso_forms_1429_1\" data-locale=\"de\" data-locale_long=\"de_DE\" data-datepicker=\"bootstrap-datetimepicker\" data-date_format=\"F j, Y\" data-moment_date_format=\"MMMM D, YYYY\" data-jqueryui_date_format=\"MM d, yy\" data-eternicode_date_format=\"MM d, yyyy\"><div class=\"container-fluid\"><input type=\"hidden\" name=\"psfb_pageurl\" value=\"https:\/\/kiv-bitburg.de\/?page_id=1103\"\/><input type=\"hidden\" name=\"psfb_userip\" value=\"216.73.216.221\"\/><input type=\"hidden\" name=\"psfb_useragent\" value=\"Mozilla\/5.0 AppleWebKit\/537.36 (KHTML, like Gecko; compatible; ClaudeBot\/1.0; +claudebot@anthropic.com)\"\/><input type=\"hidden\" name=\"psfb_landingpage\" value=\"http:\/\/kiv-bitburg.de\/index.php?rest_route=%2Fwp%2Fv2%2Fpages%2F1103\"\/><input type=\"hidden\" name=\"psfb_referer\" value=\"Direct\"\/><input type=\"hidden\" name=\"psfb_page_id\" value=\"1103\"\/><input type=\"hidden\" name=\"psfb_form_submit\" value=\"1\"\/><input type=\"hidden\" name=\"psfb_form_id\" value=\"1429\"\/><input type=\"hidden\" name=\"psfb_form_cnt\" value=\"1\"\/><div style=\"display:none\"><input type=\"text\" name=\"psfb_hon_as\"\/><\/div><div style=\"display:none\"><input type=\"text\" name=\"psfb_hon_as2\" id=\"psfb_hon_as2_1429_1\" value=\"cd87c9fbe0af1d57446669011720c2e0\"\/><\/div><div style=\"display:none\"><input type=\"text\" name=\"psfb_cnt_check\" value=\"1\"\/><\/div><div class=\"row\"><div class=\"col-md-6\"><div class=\"form-group psfb-single-container\"><label class=\"control-label\" for=\"psfield_1429_1\">Name<span class=\"psfb_required_mark\">*<\/span><\/label><input type=\"text\" required=\"required\" data-required=\"required\" name=\"Name\" class=\"form-control  \" id=\"psfield_1429_1\" style=\"\"\/><\/div><\/div><div class=\"col-md-6\"><div class=\"form-group psfb-single-container\"><label class=\"control-label\" for=\"psfield_1429_2\">Vorname<span class=\"psfb_required_mark\">*<\/span><\/label><input type=\"text\" required=\"required\" data-required=\"required\" name=\"Vorname\" class=\"form-control  \" id=\"psfield_1429_2\" style=\"\"\/><\/div><\/div><\/div><div class=\"row\"><div class=\"col-md-6\"><div class=\"form-group psfb-single-container\"><label class=\"control-label\" for=\"psfield_1429_3\">E-Mail<span class=\"psfb_required_mark\">*<\/span><\/label><input type=\"email\" required=\"required\" data-required=\"required\" name=\"E_Mail\" class=\"form-control  \" id=\"psfield_1429_3\" style=\"\"\/><\/div><\/div><div class=\"col-md-6\"><div class=\"form-group psfb-single-container\"><label class=\"control-label\" for=\"psfield_1429_4\">Telefon<span class=\"psfb_required_mark\">*<\/span><\/label><input type=\"tel\" required=\"required\" data-required=\"required\" name=\"Telefon\" class=\"form-control  \" id=\"psfield_1429_4\" style=\"\"\/><\/div><\/div><\/div><div class=\"row\"><div class=\"col-md-12\"><div class=\"form-group psfb-single-container\"><hr class=\"\"><\/div><\/div><\/div><div class=\"row\"><div class=\"col-md-12\"><div class=\"form-group psfb-single-container\"><label class=\"control-label\" for=\"psfield_1429_6\">Ich bin Mitglied in einem der folgenden Vereine:<span class=\"psfb_required_mark\">*<\/span><\/label><div class=\"radio_wrapper\"><div class=\"radio\"><label class=\"radio_wrapper\" style=\"\"><input required=\"required\" data-required=\"required\" type=\"radio\" value=\" BzV Bitburg\" name=\"Ich_bin_Mitglied_in_einem_der_folgenden_Vereine_\" id=\"psfield_1429_6_1\"> BzV Bitburg<\/label><\/div><div class=\"radio\"><label class=\"radio_wrapper\" style=\"\"><input required=\"required\" data-required=\"required\" type=\"radio\" value=\" BzV Kyllburg\" name=\"Ich_bin_Mitglied_in_einem_der_folgenden_Vereine_\" id=\"psfield_1429_6_2\"> BzV Kyllburg<\/label><\/div><div class=\"radio\"><label class=\"radio_wrapper\" style=\"\"><input required=\"required\" data-required=\"required\" type=\"radio\" value=\" BzV S\u00fcdeifel\" name=\"Ich_bin_Mitglied_in_einem_der_folgenden_Vereine_\" id=\"psfield_1429_6_3\"> BzV S\u00fcdeifel<\/label><\/div><\/div><\/div><\/div><\/div><div class=\"row\"><div class=\"col-md-12\"><div class=\"form-group psfb-single-container\"><hr class=\"\"><\/div><\/div><\/div><div class=\"row\"><div class=\"col-md-12\"><div class=\"form-group psfb-single-container\"><hr class=\"\"><\/div><\/div><\/div><div class=\"row\"><div class=\"col-md-12\"><div class=\"form-group psfb-single-container\"><hr class=\"\"><\/div><\/div><\/div><div class=\"row\"><div class=\"col-md-12\"><div class=\"form-group psfb-single-container\"><label class=\"control-label\" for=\"psfield_1429_10\">Bitte unter folgender Rubrik ver\u00f6ffentlichen:<span class=\"psfb_required_mark\">*<\/span><\/label><div class=\"radio_wrapper\"><div class=\"radio\"><label class=\"radio_wrapper\" style=\"\"><input required=\"required\" data-required=\"required\" type=\"radio\" value=\" BIETE\" name=\"Bitte_unter_folgender_Rubrik_ver_ffentlichen_\" id=\"psfield_1429_10_1\"> BIETE<\/label><\/div><div class=\"radio\"><label class=\"radio_wrapper\" style=\"\"><input required=\"required\" data-required=\"required\" type=\"radio\" value=\" SUCHE\" name=\"Bitte_unter_folgender_Rubrik_ver_ffentlichen_\" id=\"psfield_1429_10_2\"> SUCHE<\/label><\/div><\/div><\/div><\/div><\/div><div class=\"row\"><div class=\"col-md-12\"><div class=\"form-group psfb-single-container\"><label class=\"control-label\" for=\"psfield_1429_11\">Titel der Anzeige:<span class=\"psfb_required_mark\">*<\/span><\/label><input type=\"text\" required=\"required\" data-required=\"required\" name=\"Titel_der_Anzeige_\" placeholder=\"z.B. Honigschleuder\" class=\"form-control  \" id=\"psfield_1429_11\" style=\"\" maxlength=\"50\"\/><\/div><\/div><\/div><div class=\"row\"><div class=\"col-md-12\"><div class=\"form-group psfb-single-container\"><label class=\"control-label\" for=\"psfield_1429_12\">Anzeigen-Text<span class=\"psfb_required_mark\">*<\/span><\/label><textarea required=\"required\" data-required=\"required\" name=\"Anzeigen_Text\" placeholder=\"Eine kleine Beschreibung w\u00e4re nicht schlecht: z.B. 4-Waben-Handschleuder, wie neu, 2 Jahre alt, einmal benutzt, Preis VB 200,- \u20ac\" class=\"form-control  \" id=\"psfield_1429_12\" style=\"\" maxlength=\"150\"><\/textarea><\/div><\/div><\/div><div class=\"row\"><div class=\"col-md-12\"><div class=\"form-group psfb-single-container\"><label class=\"control-label\" for=\"psfield_1429_13\">Kontaktdaten, die ver\u00f6ffentlicht werden sollen:<span class=\"psfb_required_mark\">*<\/span><\/label><input type=\"text\" required=\"required\" data-required=\"required\" name=\"Kontaktdaten__die_ver_ffentlicht_werden_sollen_\" placeholder=\"Bitte hier Telefon oder E-Mail eintragen \u2026 \" class=\"form-control  \" id=\"psfield_1429_13\" style=\"\"\/><\/div><\/div><\/div><div class=\"row\"><div class=\"col-md-12\"><div class=\"form-group psfb-single-container\"><hr class=\"\"><\/div><\/div><\/div><div class=\"row\"><div class=\"col-md-12\"><div class=\"form-group psfb-single-container\"><div class=\"\"><br>Ich stimme zu, dass meine Angaben aus dem Kontaktformular zur Ver\u00f6ffentlichung meiner Kleinanzeige erhoben und verarbeitet werden d\u00fcrfen. Die Daten werden nach abgeschlossener Bearbeitung Ihrer Anzeige wieder gel\u00f6scht. Sie k\u00f6nnen Ihre Einwilligung jederzeit f\u00fcr die Zukunft per E-Mail an homepage@kiv-bitburg.de widerrufen. Detaillierte Informationen zum Umgang mit Nutzerdaten finden Sie in unserer Datenschutzerkl\u00e4rung.<br><br><\/div><\/div><\/div><\/div><div class=\"row\"><div class=\"col-md-12\"><div class=\"form-group psfb-single-container\"><label class=\"control-label\" for=\"psfield_1429_16\">Ich stimme der Verarbeitung meiner Daten ausdr\u00fccklich zu!<span class=\"psfb_required_mark\">*<\/span><\/label><div class=\"checkbox_wrapper\"><label class=\"checkbox-inline checkbox_wrapper\" style=\"\"><input data-required=\"required\" type=\"checkbox\" value=\" Ja, ich stimme zu!\" name=\"Ich_stimme_der_Verarbeitung_meiner_Daten_ausdr_cklich_zu_[]\" id=\"psfield_1429_16_1\"> Ja, ich stimme zu!<\/label><\/div><\/div><\/div><\/div><div class=\"row\"><div class=\"col-md-12\"><div class=\"form-group psfb-single-container\"><div style=\"position:relative;z-index:1;\"><button type=\"submit\" class=\"btn btn-primary                   \" id=\"psfield_1429_17\" style=\"\">Senden<\/button><\/div><\/div><\/div><\/div><\/div><\/form>\n<div class=\"pvc_clear\"><\/div>\n<p id=\"pvc_stats_1103\" class=\"pvc_stats all  \" data-element-id=\"1103\" style=\"\"><i class=\"pvc-stats-icon medium\" aria-hidden=\"true\"><svg aria-hidden=\"true\" focusable=\"false\" data-prefix=\"far\" data-icon=\"chart-bar\" role=\"img\" xmlns=\"http:\/\/www.w3.org\/2000\/svg\" viewBox=\"0 0 512 512\" class=\"svg-inline--fa fa-chart-bar fa-w-16 fa-2x\"><path fill=\"currentColor\" d=\"M396.8 352h22.4c6.4 0 12.8-6.4 12.8-12.8V108.8c0-6.4-6.4-12.8-12.8-12.8h-22.4c-6.4 0-12.8 6.4-12.8 12.8v230.4c0 6.4 6.4 12.8 12.8 12.8zm-192 0h22.4c6.4 0 12.8-6.4 12.8-12.8V140.8c0-6.4-6.4-12.8-12.8-12.8h-22.4c-6.4 0-12.8 6.4-12.8 12.8v198.4c0 6.4 6.4 12.8 12.8 12.8zm96 0h22.4c6.4 0 12.8-6.4 12.8-12.8V204.8c0-6.4-6.4-12.8-12.8-12.8h-22.4c-6.4 0-12.8 6.4-12.8 12.8v134.4c0 6.4 6.4 12.8 12.8 12.8zM496 400H48V80c0-8.84-7.16-16-16-16H16C7.16 64 0 71.16 0 80v336c0 17.67 14.33 32 32 32h464c8.84 0 16-7.16 16-16v-16c0-8.84-7.16-16-16-16zm-387.2-48h22.4c6.4 0 12.8-6.4 12.8-12.8v-70.4c0-6.4-6.4-12.8-12.8-12.8h-22.4c-6.4 0-12.8 6.4-12.8 12.8v70.4c0 6.4 6.4 12.8 12.8 12.8z\" class=\"\"><\/path><\/svg><\/i> <img loading=\"lazy\" decoding=\"async\" width=\"16\" height=\"16\" alt=\"Loading\" src=\"https:\/\/kiv-bitburg.de\/wp-content\/plugins\/page-views-count\/ajax-loader-2x.gif\" border=0 \/><\/p>\n<div class=\"pvc_clear\"><\/div>\n ","protected":false},"excerpt":{"rendered":"<p>Hallo Imker-Kolleginnen und Kollegen, hier an dieser Stelle habt Ihr die M\u00f6glichkeit, Bienenv\u00f6lker, Eure nicht mehr ben\u00f6tigten Imkerei-Ger\u00e4tschaften etc. anzubieten oder Such-Anfragen einzustellen. Voraussetzung: Mitgliedschaft in einem Imkerverein, welcher zum KIV-Bitburg geh\u00f6rt. Benutzt dazu das nachstehende Formular\u00a0&#8211; bitte alle Felder ausf\u00fcllen und an den Webmaster absenden. Die Anzeige bleibt nach Ver\u00f6ffentlichung 60 Tage online und [&hellip;]<\/p>\n<div class=\"pvc_clear\"><\/div>\n<p id=\"pvc_stats_1103\" class=\"pvc_stats all  \" data-element-id=\"1103\" style=\"\"><i class=\"pvc-stats-icon medium\" aria-hidden=\"true\"><svg aria-hidden=\"true\" focusable=\"false\" data-prefix=\"far\" data-icon=\"chart-bar\" role=\"img\" xmlns=\"http:\/\/www.w3.org\/2000\/svg\" viewBox=\"0 0 512 512\" class=\"svg-inline--fa fa-chart-bar fa-w-16 fa-2x\"><path fill=\"currentColor\" d=\"M396.8 352h22.4c6.4 0 12.8-6.4 12.8-12.8V108.8c0-6.4-6.4-12.8-12.8-12.8h-22.4c-6.4 0-12.8 6.4-12.8 12.8v230.4c0 6.4 6.4 12.8 12.8 12.8zm-192 0h22.4c6.4 0 12.8-6.4 12.8-12.8V140.8c0-6.4-6.4-12.8-12.8-12.8h-22.4c-6.4 0-12.8 6.4-12.8 12.8v198.4c0 6.4 6.4 12.8 12.8 12.8zm96 0h22.4c6.4 0 12.8-6.4 12.8-12.8V204.8c0-6.4-6.4-12.8-12.8-12.8h-22.4c-6.4 0-12.8 6.4-12.8 12.8v134.4c0 6.4 6.4 12.8 12.8 12.8zM496 400H48V80c0-8.84-7.16-16-16-16H16C7.16 64 0 71.16 0 80v336c0 17.67 14.33 32 32 32h464c8.84 0 16-7.16 16-16v-16c0-8.84-7.16-16-16-16zm-387.2-48h22.4c6.4 0 12.8-6.4 12.8-12.8v-70.4c0-6.4-6.4-12.8-12.8-12.8h-22.4c-6.4 0-12.8 6.4-12.8 12.8v70.4c0 6.4 6.4 12.8 12.8 12.8z\" class=\"\"><\/path><\/svg><\/i> <img loading=\"lazy\" decoding=\"async\" width=\"16\" height=\"16\" alt=\"Loading\" src=\"https:\/\/kiv-bitburg.de\/wp-content\/plugins\/page-views-count\/ajax-loader-2x.gif\" border=0 \/><\/p>\n<div class=\"pvc_clear\"><\/div>\n","protected":false},"author":1,"featured_media":529,"parent":0,"menu_order":0,"comment_status":"closed","ping_status":"closed","template":"","meta":{"footnotes":""},"class_list":["post-1103","page","type-page","status-publish","has-post-thumbnail","hentry"],"publishpress_future_action":{"enabled":false,"date":"2026-04-24 08:30:36","action":"change-status","newStatus":"draft","terms":[],"taxonomy":"","extraData":[]},"publishpress_future_workflow_manual_trigger":{"enabledWorkflows":[]},"_links":{"self":[{"href":"https:\/\/kiv-bitburg.de\/index.php?rest_route=\/wp\/v2\/pages\/1103","targetHints":{"allow":["GET"]}}],"collection":[{"href":"https:\/\/kiv-bitburg.de\/index.php?rest_route=\/wp\/v2\/pages"}],"about":[{"href":"https:\/\/kiv-bitburg.de\/index.php?rest_route=\/wp\/v2\/types\/page"}],"author":[{"embeddable":true,"href":"https:\/\/kiv-bitburg.de\/index.php?rest_route=\/wp\/v2\/users\/1"}],"replies":[{"embeddable":true,"href":"https:\/\/kiv-bitburg.de\/index.php?rest_route=%2Fwp%2Fv2%2Fcomments&post=1103"}],"version-history":[{"count":23,"href":"https:\/\/kiv-bitburg.de\/index.php?rest_route=\/wp\/v2\/pages\/1103\/revisions"}],"predecessor-version":[{"id":1952,"href":"https:\/\/kiv-bitburg.de\/index.php?rest_route=\/wp\/v2\/pages\/1103\/revisions\/1952"}],"wp:featuredmedia":[{"embeddable":true,"href":"https:\/\/kiv-bitburg.de\/index.php?rest_route=\/wp\/v2\/media\/529"}],"wp:attachment":[{"href":"https:\/\/kiv-bitburg.de\/index.php?rest_route=%2Fwp%2Fv2%2Fmedia&parent=1103"}],"curies":[{"name":"wp","href":"https:\/\/api.w.org\/{rel}","templated":true}]}}